{"id":1217,"date":"2018-02-12T15:01:42","date_gmt":"2018-02-12T14:01:42","guid":{"rendered":"https:\/\/famille-aylf.fr\/index.php\/nos-activites-et-services\/aylf-enfance-famille\/pole-hebergements\/centre-educatif-ferme-cef\/"},"modified":"2024-07-22T13:31:47","modified_gmt":"2024-07-22T11:31:47","slug":"centre-educatif-ferme-cef","status":"publish","type":"page","link":"https:\/\/famille-aylf.fr\/index.php\/nos-activites-et-services\/aylf-enfance-famille\/pole-hebergements\/centre-educatif-ferme-cef\/","title":{"rendered":"Centre \u00c9ducatif Ferm\u00e9 (CEF)"},"content":{"rendered":"<p>[et_pb_section fb_built=\u00a0\u00bb1&Prime; fullwidth=\u00a0\u00bbon\u00a0\u00bb custom_padding_last_edited=\u00a0\u00bbon|desktop\u00a0\u00bb admin_label=\u00a0\u00bbSection\u00a0\u00bb _builder_version=\u00a0\u00bb4.16&Prime; custom_padding_tablet=\u00a0\u00bb50px|0|50px|0&Prime; custom_padding_phone=\u00a0\u00bb\u00a0\u00bb transparent_background=\u00a0\u00bboff\u00a0\u00bb padding_mobile=\u00a0\u00bboff\u00a0\u00bb global_colors_info=\u00a0\u00bb{}\u00a0\u00bb][et_pb_fullwidth_post_title title=\u00a0\u00bboff\u00a0\u00bb meta=\u00a0\u00bboff\u00a0\u00bb featured_placement=\u00a0\u00bbbackground\u00a0\u00bb text_color=\u00a0\u00bblight\u00a0\u00bb admin_label=\u00a0\u00bbTitre du poste en pleine largeur\u00a0\u00bb module_class=\u00a0\u00bbillustration\u00a0\u00bb _builder_version=\u00a0\u00bb4.16&Prime; title_all_caps=\u00a0\u00bboff\u00a0\u00bb text_orientation=\u00a0\u00bbcenter\u00a0\u00bb parallax_effect=\u00a0\u00bboff\u00a0\u00bb use_border_color=\u00a0\u00bboff\u00a0\u00bb border_color=\u00a0\u00bb#ffffff\u00a0\u00bb border_width=\u00a0\u00bb1px\u00a0\u00bb border_style=\u00a0\u00bbsolid\u00a0\u00bb global_colors_info=\u00a0\u00bb{}\u00a0\u00bb]\u00a0<br \/>\n[\/et_pb_fullwidth_post_title][\/et_pb_section][et_pb_section fb_built=\u00a0\u00bb1&Prime; specialty=\u00a0\u00bbon\u00a0\u00bb custom_padding_last_edited=\u00a0\u00bbon|desktop\u00a0\u00bb admin_label=\u00a0\u00bbSection\u00a0\u00bb _builder_version=\u00a0\u00bb4.16&Prime; custom_padding_tablet=\u00a0\u00bb50px|0|50px|0&Prime; custom_padding_phone=\u00a0\u00bb\u00a0\u00bb transparent_background=\u00a0\u00bboff\u00a0\u00bb padding_mobile=\u00a0\u00bboff\u00a0\u00bb global_colors_info=\u00a0\u00bb{}\u00a0\u00bb][et_pb_column type=\u00a0\u00bb3_4&Prime; specialty_columns=\u00a0\u00bb3&Prime; _builder_version=\u00a0\u00bb4.16&Prime; custom_padding=\u00a0\u00bb|||\u00a0\u00bb global_colors_info=\u00a0\u00bb{}\u00a0\u00bb custom_padding__hover=\u00a0\u00bb|||\u00a0\u00bb][et_pb_row_inner padding_mobile=\u00a0\u00bboff\u00a0\u00bb column_padding_mobile=\u00a0\u00bboff\u00a0\u00bb admin_label=\u00a0\u00bbLigne\u00a0\u00bb _builder_version=\u00a0\u00bb4.16&Prime; global_colors_info=\u00a0\u00bb{}\u00a0\u00bb][et_pb_column_inner saved_specialty_column_type=\u00a0\u00bb3_4&Prime; _builder_version=\u00a0\u00bb4.16&Prime; custom_padding=\u00a0\u00bb|||\u00a0\u00bb global_colors_info=\u00a0\u00bb{}\u00a0\u00bb custom_padding__hover=\u00a0\u00bb|||\u00a0\u00bb][et_pb_text admin_label=\u00a0\u00bbtitre\u00a0\u00bb _builder_version=\u00a0\u00bb4.16&Prime; background_size=\u00a0\u00bbinitial\u00a0\u00bb background_position=\u00a0\u00bbtop_left\u00a0\u00bb background_repeat=\u00a0\u00bbrepeat\u00a0\u00bb use_border_color=\u00a0\u00bboff\u00a0\u00bb border_style=\u00a0\u00bbsolid\u00a0\u00bb global_colors_info=\u00a0\u00bb{}\u00a0\u00bb]<\/p>\n<h1><i class=\"fa fa-home \" ><\/i> Centre Educatif Ferm\u00e9 (C.E.F.)<\/h1>\n<h5>\u00ab\u00a0Eduquer \u00e0 l\u2019altruisme et \u00e0 la coop\u00e9ration, pour diminuer la r\u00e9cidive\u00a0\u00bb<\/h5>\n<p>[\/et_pb_text][\/et_pb_column_inner][\/et_pb_row_inner][et_pb_row_inner padding_mobile=\u00a0\u00bboff\u00a0\u00bb column_padding_mobile=\u00a0\u00bboff\u00a0\u00bb _builder_version=\u00a0\u00bb4.16&Prime; global_colors_info=\u00a0\u00bb{}\u00a0\u00bb][et_pb_column_inner saved_specialty_column_type=\u00a0\u00bb3_4&Prime; _builder_version=\u00a0\u00bb4.16&Prime; custom_padding=\u00a0\u00bb|||\u00a0\u00bb global_colors_info=\u00a0\u00bb{}\u00a0\u00bb custom_padding__hover=\u00a0\u00bb|||\u00a0\u00bb][et_pb_text _builder_version=\u00a0\u00bb4.16&Prime; background_size=\u00a0\u00bbinitial\u00a0\u00bb background_position=\u00a0\u00bbtop_left\u00a0\u00bb background_repeat=\u00a0\u00bbrepeat\u00a0\u00bb text_orientation=\u00a0\u00bbjustified\u00a0\u00bb use_border_color=\u00a0\u00bboff\u00a0\u00bb border_style=\u00a0\u00bbsolid\u00a0\u00bb global_colors_info=\u00a0\u00bb{}\u00a0\u00bb]<\/p>\n<h3>Le CEF, qu\u2019est-ce que c\u2019est\u00a0?<\/h3>\n<p>Le Centre Educatif Ferm\u00e9 de Ham accueille 12 jeunes filles (4 maximum) et gar\u00e7ons, de 16 \u00e0 18 ans plac\u00e9s sous contr\u00f4le judiciaire, sursis mise \u00e0 l\u2019\u00e9preuve ou en lib\u00e9ration conditionnelle, pour une dur\u00e9e de 6 mois (renouvelable une fois). Le CEF est une alternative \u00e0 l\u2019incarc\u00e9ration accueillant les jeunes de toute la France (la priorit\u00e9 \u00e9tant cependant donn\u00e9e aux Hauts-de-France).<\/p>\n<p>[\/et_pb_text][et_pb_text _builder_version=\u00a0\u00bb4.16&Prime; background_size=\u00a0\u00bbinitial\u00a0\u00bb background_position=\u00a0\u00bbtop_left\u00a0\u00bb background_repeat=\u00a0\u00bbrepeat\u00a0\u00bb text_orientation=\u00a0\u00bbjustified\u00a0\u00bb use_border_color=\u00a0\u00bboff\u00a0\u00bb border_style=\u00a0\u00bbsolid\u00a0\u00bb global_colors_info=\u00a0\u00bb{}\u00a0\u00bb]<\/p>\n<h3>Et concr\u00e8tement\u2026<\/h3>\n<p>Notre travail se base sur un suivi \u00e9ducatif et p\u00e9dagogique renforc\u00e9, prenant en compte les capacit\u00e9s et envies du jeune pour co-construire un projet professionnel qui puisse lui permettre une int\u00e9gration dans l\u2019environnement social \u00ab\u00a0ordinaire\u00a0\u00bb et \u00e9viter la r\u00e9cidive.<\/p>\n<p>L\u2019\u00e9quipe se repose sur un directeur, 2 chefs de service, un secr\u00e9taire, un professeur affect\u00e9 par l\u2019Education Nationale, un psychologue, un infirmier, 4 veilleurs de nuit et 18 \u00e9ducateurs qui interviennent en proximit\u00e9. Nos deux ma\u00eetresses de maison les accompagnent aussi au quotidien dans la gestion de leur budget, de l\u2019hygi\u00e8ne, l\u2019entretien des locaux et l\u2019animation de certains ateliers (couture, cuisine, p\u00e2tisserie\u2026).<\/p>\n<p>Les \u00e9ducateurs du CEF de Ham propose diff\u00e9rentes activit\u00e9s au quotidien afin d\u2019amener les jeunes \u00e0 se responsabiliser, faire l\u2019exp\u00e9rience de l\u2019autonomie pour ainsi d\u00e9velopper leurs savoir-faire et savoir-\u00eatre.<\/p>\n<p>[\/et_pb_text][et_pb_text _builder_version=\u00a0\u00bb4.16&Prime; background_size=\u00a0\u00bbinitial\u00a0\u00bb background_position=\u00a0\u00bbtop_left\u00a0\u00bb background_repeat=\u00a0\u00bbrepeat\u00a0\u00bb text_orientation=\u00a0\u00bbjustified\u00a0\u00bb use_border_color=\u00a0\u00bboff\u00a0\u00bb border_style=\u00a0\u00bbsolid\u00a0\u00bb global_colors_info=\u00a0\u00bb{}\u00a0\u00bb]<\/p>\n<h3>Le d\u00e9roulement de l\u2019accompagnement<\/h3>\n<p>La prise en charge s\u2019op\u00e8re sur une Obligation de Placement Provisoire (OPP) accompagn\u00e9 d\u2019un Contr\u00f4le Judiciaire (CJ), Sursis Mise \u00e0 l\u2019Epreuve (SME) ou libert\u00e9 conditionnelle. Elle s&rsquo;appuie sur l&rsquo;ordonnance n\u00b0 45-174 du 2 f\u00e9vrier 1945 relative \u00e0 l&rsquo;enfance d\u00e9linquante.<\/p>\n<p>La loi n\u00b0 2002-1138 du 9 septembre 2002 d&rsquo;orientation et de programmation pour la justice a ainsi renforc\u00e9 et diversifi\u00e9 les moyens mis \u00e0 la disposition des juridictions, de la protection judiciaire de la jeunesse et de l&rsquo;administration p\u00e9nitentiaire pour prendre en charge ces mineurs.<\/p>\n<p>[\/et_pb_text][et_pb_image src=\u00a0\u00bbhttps:\/\/famille-aylf.fr\/wp-content\/uploads\/2018\/05\/frise-CEF.jpg\u00a0\u00bb show_in_lightbox=\u00a0\u00bbon\u00a0\u00bb align_tablet=\u00a0\u00bbcenter\u00a0\u00bb align_last_edited=\u00a0\u00bbon|desktop\u00a0\u00bb _builder_version=\u00a0\u00bb4.16&Prime; use_border_color=\u00a0\u00bboff\u00a0\u00bb border_color=\u00a0\u00bb#ffffff\u00a0\u00bb border_width=\u00a0\u00bb1px\u00a0\u00bb border_style=\u00a0\u00bbsolid\u00a0\u00bb animation=\u00a0\u00bboff\u00a0\u00bb sticky=\u00a0\u00bboff\u00a0\u00bb global_colors_info=\u00a0\u00bb{}\u00a0\u00bb align_phone=\u00a0\u00bbcenter\u00a0\u00bb][\/et_pb_image][\/et_pb_column_inner][\/et_pb_row_inner][et_pb_row_inner padding_mobile=\u00a0\u00bboff\u00a0\u00bb column_padding_mobile=\u00a0\u00bboff\u00a0\u00bb _builder_version=\u00a0\u00bb4.16&Prime; global_colors_info=\u00a0\u00bb{}\u00a0\u00bb][et_pb_column_inner saved_specialty_column_type=\u00a0\u00bb3_4&Prime; _builder_version=\u00a0\u00bb4.16&Prime; custom_padding=\u00a0\u00bb|||\u00a0\u00bb global_colors_info=\u00a0\u00bb{}\u00a0\u00bb custom_padding__hover=\u00a0\u00bb|||\u00a0\u00bb][et_pb_text _builder_version=\u00a0\u00bb4.16&Prime; background_size=\u00a0\u00bbinitial\u00a0\u00bb background_position=\u00a0\u00bbtop_left\u00a0\u00bb background_repeat=\u00a0\u00bbrepeat\u00a0\u00bb text_orientation=\u00a0\u00bbjustified\u00a0\u00bb use_border_color=\u00a0\u00bboff\u00a0\u00bb border_style=\u00a0\u00bbsolid\u00a0\u00bb global_colors_info=\u00a0\u00bb{}\u00a0\u00bb]<\/p>\n<h3>Et au quotidien\u2026<\/h3>\n<p>La structure fait de l\u2019apprentissage, de l\u2019initiation au travail et de l\u2019aide \u00e0 l\u2019insertion de grandes priorit\u00e9s.<br \/> Avant de pouvoir r\u00e9aliser des stages \u00e0 l\u2019ext\u00e9rieur du CEF, les jeunes s\u2019exercent en interne et pratiquent diff\u00e9rents ateliers. Les r\u00e9sidents suivent un planning journalier heur\u00e9 alliant vie quotidienne (nettoyage de leur chambre, tri du linge, rangement des affaires personnelles), temps de groupe lors des d\u00e9jeuners et activit\u00e9s collectives (espaces verts, m\u00e9canique, menuiserie, sport, entretien\/r\u00e9novation, cuisine, art\u2026). L\u2019\u00e9quipe du CEF sensibilise et encourage vivement ses jeunes aux loisirs, \u00e0 la culture ainsi qu\u2019\u00e0 la connaissance de leur environnement. Ainsi, ils b\u00e9n\u00e9ficient \u00e9galement de temps libres dans la salle \u00ab\u00a0d\u00e9tente\u00a0\u00bb, favorables aux \u00e9changes, mais aussi \u00e0 la lecture, aux divertissements\u2026 Les suivis \u00e9ducatif, scolaire et psychologique occupent eux aussi une place importante dans le quotidien du centre par la pr\u00e9sence d\u2019un personnel comp\u00e9tent adapt\u00e9.<\/p>\n<p>[\/et_pb_text][et_pb_text _builder_version=\u00a0\u00bb4.16&Prime; background_size=\u00a0\u00bbinitial\u00a0\u00bb background_position=\u00a0\u00bbtop_left\u00a0\u00bb background_repeat=\u00a0\u00bbrepeat\u00a0\u00bb text_orientation=\u00a0\u00bbjustified\u00a0\u00bb use_border_color=\u00a0\u00bboff\u00a0\u00bb border_style=\u00a0\u00bbsolid\u00a0\u00bb global_colors_info=\u00a0\u00bb{}\u00a0\u00bb]<\/p>\n<h3>Les projets mis en \u0153uvre<\/h3>\n<p>Nos r\u00e9alisations, comme celle du Projet \u00ab\u00a0dojo\u00a0\u00bb qui a vu le jour apr\u00e8s 2 ans d\u2019efforts combin\u00e9s entre jeunes et \u00e9ducateurs, nous confortent dans la conviction que l\u2019accompagnement \u00e9ducatif, propos\u00e9 par les \u00e9quipes du Centre Educatif Ferm\u00e9 de Ham, leur permet de se r\u00e9ins\u00e9rer dans la soci\u00e9t\u00e9.<\/p>\n<p>Aujourd\u2019hui, nous savons qu\u2019il est possible, avec patience, de les faire se lever pour atteindre un objectif, qu\u2019il est possible de redonner espoir en leurs capacit\u00e9s et les aider \u00e0 d\u00e9couvrir leurs qualit\u00e9s. Ce qu\u2019ils ont b\u00e2ti, c\u2019est plus qu\u2019un \u00e9difice\u00a0: c\u2019est une r\u00e9alisation de soi.<\/p>\n<p>Ils ont d\u00e9montr\u00e9 qu\u2019ils sont capables de s\u2019inscrire dans un projet dont ils ne seront pas les b\u00e9n\u00e9ficiaires.<br \/>Nous avons tous la volont\u00e9 de continuer.<\/p>\n<p>[\/et_pb_text][\/et_pb_column_inner][\/et_pb_row_inner][et_pb_row_inner padding_mobile=\u00a0\u00bboff\u00a0\u00bb column_padding_mobile=\u00a0\u00bboff\u00a0\u00bb _builder_version=\u00a0\u00bb4.16&Prime; global_colors_info=\u00a0\u00bb{}\u00a0\u00bb][et_pb_column_inner saved_specialty_column_type=\u00a0\u00bb3_4&Prime; _builder_version=\u00a0\u00bb4.16&Prime; custom_padding=\u00a0\u00bb|||\u00a0\u00bb global_colors_info=\u00a0\u00bb{}\u00a0\u00bb custom_padding__hover=\u00a0\u00bb|||\u00a0\u00bb][et_pb_text _builder_version=\u00a0\u00bb4.16&Prime; background_size=\u00a0\u00bbinitial\u00a0\u00bb background_position=\u00a0\u00bbtop_left\u00a0\u00bb background_repeat=\u00a0\u00bbrepeat\u00a0\u00bb text_orientation=\u00a0\u00bbjustified\u00a0\u00bb use_border_color=\u00a0\u00bboff\u00a0\u00bb border_style=\u00a0\u00bbsolid\u00a0\u00bb global_colors_info=\u00a0\u00bb{}\u00a0\u00bb]<\/p>\n<h3>Le CEF vu de l\u2019int\u00e9rieur<\/h3>\n<h4>T\u00e9moignage de Patrick (nom d\u2019usage), jeune r\u00e9cidiviste de 16 ans pris en charge par le CEF.<\/h4>\n<blockquote>\n<p>\u00a0\u00a0\u00bb Je suis arriv\u00e9 au CEF il y a 8 mois pour des r\u00e9cidives de violence. Je me demandais\u00a0: quel est le fonctionnement du CEF\u00a0? qu\u2019est-ce je vais faire\u00a0l\u00e0-bas ? Maintenant, je me rends compte que je suis bien ici, parce qu\u2019ils m\u2019aident \u00e0 calmer ma violence. Au fil des mois, je sens que je vais mieux. Et puis, il y a plein d\u2019activit\u00e9s au CEF\u00a0! &#8230;<\/p>\n<\/blockquote>\n<p>&#8230; J\u2019ai d\u00e9couvert la gestion des espaces verts et la cuisine. Et surtout la menuiserie. Je suis en formation \u00e0 l\u2019UEAJ (Unit\u00e9 Educative d\u2019Activit\u00e9 de Jour) d\u2019Amiens depuis le mois de d\u00e9cembre o\u00f9 j\u2019apprends \u00e0 manier le bois en palette. Je construis pour moi, \u00e7a me pla\u00eet \u00e9norm\u00e9ment\u00a0! On d\u00e9veloppe aussi des projets avec le CEF, pour le T\u00e9l\u00e9thon par exemple, o\u00f9 on vend des pots de fleurs qu\u2019on a fabriqu\u00e9s avec une \u00e9ducatrice. L\u00e0-bas, j\u2019ai discut\u00e9 avec une petite dame qui a achet\u00e9 des fleurs pour ses enfants d\u00e9c\u00e9d\u00e9s. C\u2019est une situation qui m\u2019a fait mal au c\u0153ur, alors je l\u2019ai accompagn\u00e9e volontairement pour les d\u00e9poser. Je lui ai offert aussi un pixel avec le pr\u00e9nom de ses enfants, juste parce que \u00e7a me faisait plaisir. Au final, au CEF, je sais qu\u2019on fait des choses pour moi, parce que je fais mes preuves\u00a0! Il y a des r\u00e8gles qui sont difficiles, mais on est surtout ici pour r\u00e9ussir. Moi, on m\u2019aide \u00e0 d\u00e9velopper un projet\u00a0personnel\u00a0: celui de trouver une famille d\u2019accueil.\u00a0\u00bb<\/p>\n<p>[\/et_pb_text][\/et_pb_column_inner][\/et_pb_row_inner][et_pb_row_inner padding_mobile=\u00a0\u00bboff\u00a0\u00bb column_padding_mobile=\u00a0\u00bboff\u00a0\u00bb _builder_version=\u00a0\u00bb4.16&Prime; global_colors_info=\u00a0\u00bb{}\u00a0\u00bb][et_pb_column_inner saved_specialty_column_type=\u00a0\u00bb3_4&Prime; _builder_version=\u00a0\u00bb4.16&Prime; custom_padding=\u00a0\u00bb|||\u00a0\u00bb global_colors_info=\u00a0\u00bb{}\u00a0\u00bb custom_padding__hover=\u00a0\u00bb|||\u00a0\u00bb][et_pb_text _builder_version=\u00a0\u00bb4.21.0&Prime; background_size=\u00a0\u00bbinitial\u00a0\u00bb background_position=\u00a0\u00bbtop_left\u00a0\u00bb background_repeat=\u00a0\u00bbrepeat\u00a0\u00bb hover_enabled=\u00a0\u00bb0&Prime; use_border_color=\u00a0\u00bboff\u00a0\u00bb border_style=\u00a0\u00bbsolid\u00a0\u00bb global_colors_info=\u00a0\u00bb{}\u00a0\u00bb sticky_enabled=\u00a0\u00bb0&Prime;]<\/p>\n<h3>Contacts<\/h3>\n<div class=\"et-fb-loader\" style=\"position: relative; margin-bottom: 40px;\"><\/div>\n<p><strong>\u00a0<\/strong><\/p>\n<blockquote>\n<p>T\u00e9l\u00e9phonez-nous au\u00a0\u00a0<span style=\"color: #99cc00;\"><\/span><\/p>\n<div class=\"et-fb-loader\" style=\"position: relative; margin-bottom: 40px;\"><\/div>\n<p><span style=\"color: #99cc00;\">03 60 12\u00a029 10<\/span><\/p>\n<\/blockquote>\n<p>Vous pouvez nous contacter aussi via le formulaire de contact sur la<strong>\u00a0<a href=\"..\/..\/..\/..\/nous-contacter\/\">page contactez nous.<\/a><\/strong><\/p>\n<p>[\/et_pb_text][\/et_pb_column_inner][\/et_pb_row_inner][\/et_pb_column][et_pb_column type=\u00a0\u00bb1_4&Prime; _builder_version=\u00a0\u00bb4.16&Prime; custom_padding=\u00a0\u00bb|||\u00a0\u00bb global_colors_info=\u00a0\u00bb{}\u00a0\u00bb custom_padding__hover=\u00a0\u00bb|||\u00a0\u00bb][et_pb_sidebar orientation=\u00a0\u00bbright\u00a0\u00bb area=\u00a0\u00bbsidebar-1&Prime; admin_label=\u00a0\u00bbBarre lat\u00e9rale\u00a0\u00bb _builder_version=\u00a0\u00bb4.16&Prime; remove_border=\u00a0\u00bb1&Prime; global_colors_info=\u00a0\u00bb{}\u00a0\u00bb]\u00a0<br \/>\n[\/et_pb_sidebar][\/et_pb_column][\/et_pb_section][et_pb_section fb_built=\u00a0\u00bb1&Prime; custom_padding_last_edited=\u00a0\u00bbon|phone\u00a0\u00bb admin_label=\u00a0\u00bbSection\u00a0\u00bb _builder_version=\u00a0\u00bb4.16&Prime; custom_padding=\u00a0\u00bb||0px|\u00a0\u00bb custom_padding_tablet=\u00a0\u00bb50px|0|50px|0&Prime; custom_padding_phone=\u00a0\u00bb\u00a0\u00bb transparent_background=\u00a0\u00bboff\u00a0\u00bb padding_mobile=\u00a0\u00bboff\u00a0\u00bb global_colors_info=\u00a0\u00bb{}\u00a0\u00bb][et_pb_row padding_mobile=\u00a0\u00bboff\u00a0\u00bb column_padding_mobile=\u00a0\u00bbon\u00a0\u00bb custom_padding_last_edited=\u00a0\u00bbon|phone\u00a0\u00bb admin_label=\u00a0\u00bbLigne\u00a0\u00bb _builder_version=\u00a0\u00bb4.16&Prime; background_size=\u00a0\u00bbinitial\u00a0\u00bb background_position=\u00a0\u00bbtop_left\u00a0\u00bb background_repeat=\u00a0\u00bbrepeat\u00a0\u00bb custom_padding=\u00a0\u00bb||5px|\u00a0\u00bb custom_padding_tablet=\u00a0\u00bb\u00a0\u00bb custom_padding_phone=\u00a0\u00bb\u00a0\u00bb global_colors_info=\u00a0\u00bb{}\u00a0\u00bb][et_pb_column type=\u00a0\u00bb4_4&Prime; _builder_version=\u00a0\u00bb4.16&Prime; custom_padding=\u00a0\u00bb|||\u00a0\u00bb global_colors_info=\u00a0\u00bb{}\u00a0\u00bb custom_padding__hover=\u00a0\u00bb|||\u00a0\u00bb][et_pb_text admin_label=\u00a0\u00bbTexte\u00a0\u00bb _builder_version=\u00a0\u00bb4.16&Prime; background_size=\u00a0\u00bbinitial\u00a0\u00bb background_position=\u00a0\u00bbtop_left\u00a0\u00bb background_repeat=\u00a0\u00bbrepeat\u00a0\u00bb use_border_color=\u00a0\u00bboff\u00a0\u00bb border_style=\u00a0\u00bbsolid\u00a0\u00bb global_colors_info=\u00a0\u00bb{}\u00a0\u00bb]<\/p>\n<h1><i class=\"fa fa-lightbulb-o\"><\/i> Actualit\u00e9s de ce service<\/h1>\n<p>[\/et_pb_text][\/et_pb_column][\/et_pb_row][\/et_pb_section][et_pb_section fb_built=\u00a0\u00bb1&Prime; custom_padding_last_edited=\u00a0\u00bbon|phone\u00a0\u00bb admin_label=\u00a0\u00bbSection\u00a0\u00bb module_class=\u00a0\u00bbaylf_blocbaspage\u00a0\u00bb _builder_version=\u00a0\u00bb4.16&Prime; background_color=\u00a0\u00bb#ededed\u00a0\u00bb custom_padding=\u00a0\u00bb10px|||\u00a0\u00bb custom_padding_tablet=\u00a0\u00bb50px|0|50px|0&Prime; custom_padding_phone=\u00a0\u00bb\u00a0\u00bb transparent_background=\u00a0\u00bboff\u00a0\u00bb padding_mobile=\u00a0\u00bboff\u00a0\u00bb global_colors_info=\u00a0\u00bb{}\u00a0\u00bb][et_pb_row padding_mobile=\u00a0\u00bboff\u00a0\u00bb column_padding_mobile=\u00a0\u00bbon\u00a0\u00bb admin_label=\u00a0\u00bbLigne\u00a0\u00bb _builder_version=\u00a0\u00bb4.16&Prime; background_size=\u00a0\u00bbinitial\u00a0\u00bb background_position=\u00a0\u00bbtop_left\u00a0\u00bb background_repeat=\u00a0\u00bbrepeat\u00a0\u00bb global_colors_info=\u00a0\u00bb{}\u00a0\u00bb][et_pb_column type=\u00a0\u00bb4_4&Prime; _builder_version=\u00a0\u00bb4.16&Prime; custom_padding=\u00a0\u00bb|||\u00a0\u00bb global_colors_info=\u00a0\u00bb{}\u00a0\u00bb custom_padding__hover=\u00a0\u00bb|||\u00a0\u00bb][et_pb_code admin_label=\u00a0\u00bbCode\u00a0\u00bb _builder_version=\u00a0\u00bb4.16&Prime; global_colors_info=\u00a0\u00bb{}\u00a0\u00bb][\/et_pb_code][\/et_pb_column][\/et_pb_row][\/et_pb_section]<\/p>\n","protected":false},"excerpt":{"rendered":"<p>\u00a0 <i class=\"fa fa-home \" ><\/i> Centre Educatif Ferm\u00e9 (C.E.F.) \u00ab\u00a0Eduquer \u00e0 l\u2019altruisme et \u00e0 la coop\u00e9ration, pour diminuer la r\u00e9cidive\u00a0\u00bbLe CEF, qu\u2019est-ce que c\u2019est\u00a0? Le Centre Educatif Ferm\u00e9 de Ham accueille 12 jeunes filles (4 maximum) et gar\u00e7ons, de 16 \u00e0 18 ans plac\u00e9s sous contr\u00f4le judiciaire, sursis mise \u00e0 l\u2019\u00e9preuve ou en lib\u00e9ration conditionnelle, [&hellip;]<\/p>\n","protected":false},"author":1,"featured_media":2504,"parent":1215,"menu_order":1,"comment_status":"closed","ping_status":"closed","template":"","meta":{"_acf_changed":false,"_et_pb_use_builder":"on","_et_pb_old_content":"","_et_gb_content_width":"","inline_featured_image":false,"jetpack_post_was_ever_published":false,"footnotes":""},"class_list":["post-1217","page","type-page","status-publish","has-post-thumbnail","hentry"],"acf":[],"jetpack_shortlink":"https:\/\/wp.me\/P8kEsP-jD","_links":{"self":[{"href":"https:\/\/famille-aylf.fr\/index.php\/wp-json\/wp\/v2\/pages\/1217","targetHints":{"allow":["GET"]}}],"collection":[{"href":"https:\/\/famille-aylf.fr\/index.php\/wp-json\/wp\/v2\/pages"}],"about":[{"href":"https:\/\/famille-aylf.fr\/index.php\/wp-json\/wp\/v2\/types\/page"}],"author":[{"embeddable":true,"href":"https:\/\/famille-aylf.fr\/index.php\/wp-json\/wp\/v2\/users\/1"}],"replies":[{"embeddable":true,"href":"https:\/\/famille-aylf.fr\/index.php\/wp-json\/wp\/v2\/comments?post=1217"}],"version-history":[{"count":15,"href":"https:\/\/famille-aylf.fr\/index.php\/wp-json\/wp\/v2\/pages\/1217\/revisions"}],"predecessor-version":[{"id":2702,"href":"https:\/\/famille-aylf.fr\/index.php\/wp-json\/wp\/v2\/pages\/1217\/revisions\/2702"}],"up":[{"embeddable":true,"href":"https:\/\/famille-aylf.fr\/index.php\/wp-json\/wp\/v2\/pages\/1215"}],"wp:featuredmedia":[{"embeddable":true,"href":"https:\/\/famille-aylf.fr\/index.php\/wp-json\/wp\/v2\/media\/2504"}],"wp:attachment":[{"href":"https:\/\/famille-aylf.fr\/index.php\/wp-json\/wp\/v2\/media?parent=1217"}],"curies":[{"name":"wp","href":"https:\/\/api.w.org\/{rel}","templated":true}]}}