{"id":1219,"date":"2018-02-12T15:01:42","date_gmt":"2018-02-12T14:01:42","guid":{"rendered":"https:\/\/famille-aylf.fr\/index.php\/nos-activites-et-services\/aylf-enfance-famille\/pole-hebergements\/placement-familial-specialise-pfs\/"},"modified":"2024-07-23T11:20:22","modified_gmt":"2024-07-23T09:20:22","slug":"placement-familial-specialise-pfs","status":"publish","type":"page","link":"https:\/\/famille-aylf.fr\/index.php\/nos-activites-et-services\/aylf-enfance-famille\/pole-hebergements\/placement-familial-specialise-pfs\/","title":{"rendered":"Placement Familial Sp\u00e9cialis\u00e9 (PFS)"},"content":{"rendered":"<p>[et_pb_section fb_built=\u00a0\u00bb1&Prime; fullwidth=\u00a0\u00bbon\u00a0\u00bb custom_padding_last_edited=\u00a0\u00bbon|desktop\u00a0\u00bb admin_label=\u00a0\u00bbSection\u00a0\u00bb _builder_version=\u00a0\u00bb4.21.0&Prime; custom_padding_tablet=\u00a0\u00bb50px|0|50px|0&Prime; custom_padding_phone=\u00a0\u00bb\u00a0\u00bb transparent_background=\u00a0\u00bboff\u00a0\u00bb padding_mobile=\u00a0\u00bboff\u00a0\u00bb global_colors_info=\u00a0\u00bb{}\u00a0\u00bb][et_pb_fullwidth_post_title title=\u00a0\u00bboff\u00a0\u00bb meta=\u00a0\u00bboff\u00a0\u00bb featured_placement=\u00a0\u00bbbackground\u00a0\u00bb text_color=\u00a0\u00bblight\u00a0\u00bb admin_label=\u00a0\u00bbTitre du poste en pleine largeur\u00a0\u00bb module_class=\u00a0\u00bbillustration\u00a0\u00bb _builder_version=\u00a0\u00bb4.21.0&Prime; title_all_caps=\u00a0\u00bboff\u00a0\u00bb background_image=\u00a0\u00bbhttps:\/\/famille-aylf.fr\/wp-content\/uploads\/2023\/09\/vue-mains-humaines-fond-clair-1-scaled.jpg\u00a0\u00bb text_orientation=\u00a0\u00bbcenter\u00a0\u00bb parallax_effect=\u00a0\u00bboff\u00a0\u00bb use_border_color=\u00a0\u00bboff\u00a0\u00bb border_color=\u00a0\u00bb#ffffff\u00a0\u00bb border_width=\u00a0\u00bb1px\u00a0\u00bb border_style=\u00a0\u00bbsolid\u00a0\u00bb global_colors_info=\u00a0\u00bb{}\u00a0\u00bb][\/et_pb_fullwidth_post_title][\/et_pb_section][et_pb_section fb_built=\u00a0\u00bb1&Prime; specialty=\u00a0\u00bbon\u00a0\u00bb custom_padding_last_edited=\u00a0\u00bbon|desktop\u00a0\u00bb admin_label=\u00a0\u00bbSection\u00a0\u00bb _builder_version=\u00a0\u00bb4.16&Prime; custom_padding_tablet=\u00a0\u00bb50px|0|50px|0&Prime; custom_padding_phone=\u00a0\u00bb\u00a0\u00bb transparent_background=\u00a0\u00bboff\u00a0\u00bb padding_mobile=\u00a0\u00bboff\u00a0\u00bb global_colors_info=\u00a0\u00bb{}\u00a0\u00bb][et_pb_column type=\u00a0\u00bb3_4&Prime; specialty_columns=\u00a0\u00bb3&Prime; _builder_version=\u00a0\u00bb4.16&Prime; custom_padding=\u00a0\u00bb|||\u00a0\u00bb global_colors_info=\u00a0\u00bb{}\u00a0\u00bb custom_padding__hover=\u00a0\u00bb|||\u00a0\u00bb][et_pb_row_inner padding_mobile=\u00a0\u00bboff\u00a0\u00bb column_padding_mobile=\u00a0\u00bboff\u00a0\u00bb admin_label=\u00a0\u00bbLigne\u00a0\u00bb _builder_version=\u00a0\u00bb4.16&Prime; global_colors_info=\u00a0\u00bb{}\u00a0\u00bb][et_pb_column_inner saved_specialty_column_type=\u00a0\u00bb3_4&Prime; _builder_version=\u00a0\u00bb4.16&Prime; custom_padding=\u00a0\u00bb|||\u00a0\u00bb global_colors_info=\u00a0\u00bb{}\u00a0\u00bb custom_padding__hover=\u00a0\u00bb|||\u00a0\u00bb][et_pb_text admin_label=\u00a0\u00bbtitre\u00a0\u00bb _builder_version=\u00a0\u00bb4.16&Prime; background_size=\u00a0\u00bbinitial\u00a0\u00bb background_position=\u00a0\u00bbtop_left\u00a0\u00bb background_repeat=\u00a0\u00bbrepeat\u00a0\u00bb use_border_color=\u00a0\u00bboff\u00a0\u00bb border_style=\u00a0\u00bbsolid\u00a0\u00bb global_colors_info=\u00a0\u00bb{}\u00a0\u00bb]<\/p>\n<h1>Placement Familial Sp&eacute;cialis&eacute; (PFS)<\/h1>\n<h5>Pour une coop&eacute;ration entre professionnels et familles<\/h5>\n<p>[\/et_pb_text][\/et_pb_column_inner][\/et_pb_row_inner][et_pb_row_inner padding_mobile=\u00a0\u00bboff\u00a0\u00bb column_padding_mobile=\u00a0\u00bboff\u00a0\u00bb admin_label=\u00a0\u00bbrow_inner\u00a0\u00bb _builder_version=\u00a0\u00bb4.16&Prime; global_colors_info=\u00a0\u00bb{}\u00a0\u00bb][et_pb_column_inner saved_specialty_column_type=\u00a0\u00bb3_4&Prime; _builder_version=\u00a0\u00bb4.16&Prime; custom_padding=\u00a0\u00bb|||\u00a0\u00bb global_colors_info=\u00a0\u00bb{}\u00a0\u00bb custom_padding__hover=\u00a0\u00bb|||\u00a0\u00bb][et_pb_text admin_label=\u00a0\u00bbTexte\u00a0\u00bb _builder_version=\u00a0\u00bb4.27.0&Prime; background_size=\u00a0\u00bbinitial\u00a0\u00bb background_position=\u00a0\u00bbtop_left\u00a0\u00bb background_repeat=\u00a0\u00bbrepeat\u00a0\u00bb text_orientation=\u00a0\u00bbjustified\u00a0\u00bb use_border_color=\u00a0\u00bboff\u00a0\u00bb border_style=\u00a0\u00bbsolid\u00a0\u00bb global_colors_info=\u00a0\u00bb{}\u00a0\u00bb]<\/p>\n<h3>Le P.F.S, qu\u2019est-ce que c\u2019est ?\u00a0\u00a0\u00a0<\/h3>\n<p>Le P.F.S est un service d\u2019h\u00e9bergement qui exerce des mesures de Placement ordonn\u00e9es par le Juge des Enfants, et qui permet la prise en charge permanente, suivie et individualis\u00e9e d\u2019enfant, au sein d\u2019une famille d\u2019accueil.<\/p>\n<p>Le service de Placement Familial Sp\u00e9cialis\u00e9 de l\u2019AYLF, adh\u00e9rent \u00e0 l\u2019Association Nationale des Placements familiaux, est habilit\u00e9 pour accueillir 98 jeunes de 10 \u00e0 18 ans ou jeunes majeurs faisant l\u2019objet d\u2019un Contrat Jeune Majeur sign\u00e9 avec le Conseil D\u00e9partemental. Accompagner les parents et soutenir la fonction parentale dans nos pratiques se concr\u00e9tisent par la valorisation et la responsabilisation des parents, dans la limite de leurs possibilit\u00e9s, tout en respectant la singularit\u00e9 de chaque situation et en respectant \u00ab l\u2019int\u00e9r\u00eat sup\u00e9rieur de l\u2019enfant \u00bb, conform\u00e9ment \u00e0 la loi de r\u00e9forme de la protection de l\u2019enfance.<\/p>\n<p>[\/et_pb_text][et_pb_text admin_label=\u00a0\u00bbTexte\u00a0\u00bb _builder_version=\u00a0\u00bb4.27.0&Prime; background_size=\u00a0\u00bbinitial\u00a0\u00bb background_position=\u00a0\u00bbtop_left\u00a0\u00bb background_repeat=\u00a0\u00bbrepeat\u00a0\u00bb text_orientation=\u00a0\u00bbjustified\u00a0\u00bb use_border_color=\u00a0\u00bboff\u00a0\u00bb border_style=\u00a0\u00bbsolid\u00a0\u00bb global_colors_info=\u00a0\u00bb{}\u00a0\u00bb]<\/p>\n<h3>Et concr\u00e8tement\u2026<\/h3>\n<p>Il s\u2019agit de r\u00e9affirmer la place du mineur au sein de sa famille par une modification progressive des relations avec ses parents. Les enfants confi\u00e9s au P.F.S ont majoritairement fait l\u2019objet d\u2019un suivi pr\u00e9alable par un service de milieu ouvert ou d\u2019une autre mesure de placement. Ils sont accueillis chez une assistante familiale et encadr\u00e9s par une \u00e9quipe pluridisciplinaire, suite \u00e0 une demande d\u2019admission \u00e9manant du Juge des Enfants ou de l\u2019ASE <strong>(<\/strong><strong>Aide Sociale \u00e0 l\u2019Enfance).<\/strong> La dur\u00e9e du placement est d\u00e9termin\u00e9e par le Magistrat, renouvel\u00e9e ou non selon l\u2019\u00e9volution de la situation, durant laquelle le jeune b\u00e9n\u00e9ficie d\u2019un suivi r\u00e9gulier.<\/p>\n<p>[\/et_pb_text][\/et_pb_column_inner][\/et_pb_row_inner][et_pb_row_inner padding_mobile=\u00a0\u00bboff\u00a0\u00bb column_padding_mobile=\u00a0\u00bboff\u00a0\u00bb admin_label=\u00a0\u00bbrow_inner\u00a0\u00bb _builder_version=\u00a0\u00bb4.16&Prime; global_colors_info=\u00a0\u00bb{}\u00a0\u00bb][et_pb_column_inner saved_specialty_column_type=\u00a0\u00bb3_4&Prime; _builder_version=\u00a0\u00bb4.16&Prime; custom_padding=\u00a0\u00bb|||\u00a0\u00bb global_colors_info=\u00a0\u00bb{}\u00a0\u00bb custom_padding__hover=\u00a0\u00bb|||\u00a0\u00bb][et_pb_text admin_label=\u00a0\u00bbTexte\u00a0\u00bb _builder_version=\u00a0\u00bb4.27.0&Prime; background_size=\u00a0\u00bbinitial\u00a0\u00bb background_position=\u00a0\u00bbtop_left\u00a0\u00bb background_repeat=\u00a0\u00bbrepeat\u00a0\u00bb text_orientation=\u00a0\u00bbjustified\u00a0\u00bb use_border_color=\u00a0\u00bboff\u00a0\u00bb border_style=\u00a0\u00bbsolid\u00a0\u00bb global_colors_info=\u00a0\u00bb{}\u00a0\u00bb]<\/p>\n<h3>Quelle est la prise en charge\u00a0?<\/h3>\n<p>Le P.F.S intervient aupr\u00e8s des enfants dans le cadre du mandat qui lui est confi\u00e9 via :<\/p>\n<ul>\n<li>L\u2019institution judiciaire<strong> par (l\u2019Aide Sociale \u00e0 l\u2019Enfance ou) le Juge des Enfants ;\u00a0 \u00a0<\/strong><\/li>\n<li>L&rsquo;institution admpinistrative par la <strong>contractualisation entre le Conseil D\u00e9partemental et la famille ;<\/strong><\/li>\n<\/ul>\n<p>Dans le cadre de sa mission de protection et dans le respect des droits des enfants ainsi que de ceux de leurs parents, le service d\u00e9finit pour chaque jeune un projet individualis\u00e9 qui vise \u00e0 :<\/p>\n<ul>\n<li>Assurer la stabilit\u00e9 de l\u2019enfant dans son placement\u00a0;<\/li>\n<li>Favoriser son d\u00e9veloppement personnel, \u00e9ducatif et social\u00a0;<\/li>\n<li>Accro\u00eetre son autonomie et permettre son insertion sociale et professionnelle\u00a0;<\/li>\n<li>Maintenir, r\u00e9tablir et r\u00e9guler les relations parents\/enfants\u00a0;<\/li>\n<li>Aider les parents \u00e0 d\u00e9velopper voire inscrire leurs comp\u00e9tences parentales\u00a0;<\/li>\n<li>Pr\u00e9parer le retour au sein de sa famille chaque fois que cela s\u2019av\u00e8re possible.<\/li>\n<\/ul>\n<p>L\u2019\u00e9quipe du PFS se compose comme suit : 1 directrice, 1 chef de service , 6 r\u00e9f\u00e9rents \u00e9ducatifs, 2 psychologues, 2 secr\u00e9taires. Les 40 assistants familiaux tentent, eux, au quotidien, de favoriser l\u2019\u00e9quilibre global de l\u2019enfant au travers de l\u2019ensemble des actes et besoins fondamentaux (alimentation, hygi\u00e8ne, sant\u00e9, activit\u00e9s scolaires et de loisirs, sommeil, rythme de vie, relations intra et extrafamiliales \u2026). Il leur incombe de l\u2019aider \u00e0 acqu\u00e9rir une certaine autonomie dans sa construction et son \u00e9volution personnelle, \u00e0 faire l\u2019apprentissage des interdits et des limites.<\/p>\n<p>[\/et_pb_text][\/et_pb_column_inner][\/et_pb_row_inner][et_pb_row_inner padding_mobile=\u00a0\u00bboff\u00a0\u00bb column_padding_mobile=\u00a0\u00bboff\u00a0\u00bb admin_label=\u00a0\u00bbrow_inner\u00a0\u00bb _builder_version=\u00a0\u00bb4.16&Prime; global_colors_info=\u00a0\u00bb{}\u00a0\u00bb][et_pb_column_inner saved_specialty_column_type=\u00a0\u00bb3_4&Prime; _builder_version=\u00a0\u00bb4.16&Prime; custom_padding=\u00a0\u00bb|||\u00a0\u00bb global_colors_info=\u00a0\u00bb{}\u00a0\u00bb custom_padding__hover=\u00a0\u00bb|||\u00a0\u00bb][et_pb_text admin_label=\u00a0\u00bbTexte\u00a0\u00bb _builder_version=\u00a0\u00bb4.27.0&Prime; background_size=\u00a0\u00bbinitial\u00a0\u00bb background_position=\u00a0\u00bbtop_left\u00a0\u00bb background_repeat=\u00a0\u00bbrepeat\u00a0\u00bb use_border_color=\u00a0\u00bboff\u00a0\u00bb border_style=\u00a0\u00bbsolid\u00a0\u00bb global_colors_info=\u00a0\u00bb{}\u00a0\u00bb]<\/p>\n<h3>Contacts<\/h3>\n<p><strong><i class=\"fa fa-home \" ><\/i> 646, rue de Cagny, CS 58819<\/strong><\/p>\n<p><strong> <\/strong><strong> 80088 Amiens Cedex 2<\/strong><\/p>\n<p>pfs@aylf.fr<\/p>\n<blockquote>\n<p>T\u00e9l\u00e9phonez-nous au\u00a0 <span style=\"color: #99cc00;\"><i class=\"fa fa-phone \" ><\/i> 03\u00a022 53 52 74<\/span><\/p>\n<\/blockquote>\n<p>Vous pouvez nous contacter aussi via le formulaire de contact sur la<strong>\u00a0<a href=\"..\/..\/..\/..\/nous-contacter\/\">page contactez nous<\/a>,<\/strong>\u00a0rubrique PFS.<\/p>\n<p>[\/et_pb_text][\/et_pb_column_inner][\/et_pb_row_inner][et_pb_row_inner _builder_version=\u00a0\u00bb4.27.0&Prime; _module_preset=\u00a0\u00bbdefault\u00a0\u00bb hover_enabled=\u00a0\u00bb0&Prime; sticky_enabled=\u00a0\u00bb0&Prime;][et_pb_column_inner saved_specialty_column_type=\u00a0\u00bb3_4&Prime; _builder_version=\u00a0\u00bb4.27.0&Prime; _module_preset=\u00a0\u00bbdefault\u00a0\u00bb custom_css_main_element=\u00a0\u00bbdisplay: flex;||align-items: center;\u00a0\u00bb hover_enabled=\u00a0\u00bb0&Prime; sticky_enabled=\u00a0\u00bb0&Prime;][et_pb_text _builder_version=\u00a0\u00bb4.27.0&Prime; _module_preset=\u00a0\u00bbdefault\u00a0\u00bb hover_enabled=\u00a0\u00bb0&Prime; sticky_enabled=\u00a0\u00bb0&Prime;]<\/p>\n<p>Pour plus d&rsquo;information sur le m\u00e9tier d&rsquo;assistant familial et ou postuler, <strong><a href=\"https:\/\/devenirassistant-familial.fr\/\" target=\"_blank\" rel=\"noopener\">c&rsquo;est ici !<\/a><\/strong><\/p>\n<p>[\/et_pb_text][\/et_pb_column_inner][\/et_pb_row_inner][\/et_pb_column][et_pb_column type=\u00a0\u00bb1_4&Prime; _builder_version=\u00a0\u00bb4.16&Prime; custom_padding=\u00a0\u00bb|||\u00a0\u00bb global_colors_info=\u00a0\u00bb{}\u00a0\u00bb custom_padding__hover=\u00a0\u00bb|||\u00a0\u00bb][et_pb_divider show_divider=\u00a0\u00bboff\u00a0\u00bb disabled_on=\u00a0\u00bbon|on|off\u00a0\u00bb admin_label=\u00a0\u00bbS\u00e9parateur\u00a0\u00bb _builder_version=\u00a0\u00bb4.16&Prime; height=\u00a0\u00bb80px\u00a0\u00bb hide_on_mobile=\u00a0\u00bbon\u00a0\u00bb global_colors_info=\u00a0\u00bb{}\u00a0\u00bb][\/et_pb_divider][et_pb_sidebar orientation=\u00a0\u00bbright\u00a0\u00bb area=\u00a0\u00bbsidebar-1&Prime; admin_label=\u00a0\u00bbBarre lat\u00e9rale\u00a0\u00bb _builder_version=\u00a0\u00bb4.16&Prime; remove_border=\u00a0\u00bb1&Prime; global_colors_info=\u00a0\u00bb{}\u00a0\u00bb][\/et_pb_sidebar][\/et_pb_column][\/et_pb_section][et_pb_section fb_built=\u00a0\u00bb1&Prime; custom_padding_last_edited=\u00a0\u00bbon|phone\u00a0\u00bb disabled_on=\u00a0\u00bbon|on|on\u00a0\u00bb admin_label=\u00a0\u00bbSection\u00a0\u00bb _builder_version=\u00a0\u00bb4.16&Prime; custom_padding=\u00a0\u00bb||0px|\u00a0\u00bb custom_padding_tablet=\u00a0\u00bb50px|0|50px|0&Prime; custom_padding_phone=\u00a0\u00bb\u00a0\u00bb transparent_background=\u00a0\u00bboff\u00a0\u00bb padding_mobile=\u00a0\u00bboff\u00a0\u00bb disabled=\u00a0\u00bbon\u00a0\u00bb global_colors_info=\u00a0\u00bb{}\u00a0\u00bb][et_pb_row padding_mobile=\u00a0\u00bboff\u00a0\u00bb column_padding_mobile=\u00a0\u00bbon\u00a0\u00bb custom_padding_last_edited=\u00a0\u00bbon|phone\u00a0\u00bb admin_label=\u00a0\u00bbLigne\u00a0\u00bb _builder_version=\u00a0\u00bb4.16&Prime; background_size=\u00a0\u00bbinitial\u00a0\u00bb background_position=\u00a0\u00bbtop_left\u00a0\u00bb background_repeat=\u00a0\u00bbrepeat\u00a0\u00bb custom_padding=\u00a0\u00bb||5px|\u00a0\u00bb custom_padding_tablet=\u00a0\u00bb\u00a0\u00bb custom_padding_phone=\u00a0\u00bb\u00a0\u00bb global_colors_info=\u00a0\u00bb{}\u00a0\u00bb][et_pb_column type=\u00a0\u00bb4_4&Prime; _builder_version=\u00a0\u00bb4.16&Prime; custom_padding=\u00a0\u00bb|||\u00a0\u00bb global_colors_info=\u00a0\u00bb{}\u00a0\u00bb custom_padding__hover=\u00a0\u00bb|||\u00a0\u00bb][et_pb_text admin_label=\u00a0\u00bbTexte\u00a0\u00bb _builder_version=\u00a0\u00bb4.16&Prime; background_size=\u00a0\u00bbinitial\u00a0\u00bb background_position=\u00a0\u00bbtop_left\u00a0\u00bb background_repeat=\u00a0\u00bbrepeat\u00a0\u00bb use_border_color=\u00a0\u00bboff\u00a0\u00bb border_style=\u00a0\u00bbsolid\u00a0\u00bb global_colors_info=\u00a0\u00bb{}\u00a0\u00bb]<\/p>\n<h1><i class=\"fa fa-lightbulb-o\"><\/i> Actualit\u00e9s de ce service<\/h1>\n<p>[\/et_pb_text][\/et_pb_column][\/et_pb_row][\/et_pb_section][et_pb_section fb_built=\u00a0\u00bb1&Prime; custom_padding_last_edited=\u00a0\u00bbon|phone\u00a0\u00bb disabled_on=\u00a0\u00bbon|on|on\u00a0\u00bb admin_label=\u00a0\u00bbSection\u00a0\u00bb module_class=\u00a0\u00bbaylf_blocbaspage\u00a0\u00bb _builder_version=\u00a0\u00bb4.16&Prime; background_color=\u00a0\u00bb#ededed\u00a0\u00bb custom_padding=\u00a0\u00bb10px|||\u00a0\u00bb custom_padding_tablet=\u00a0\u00bb50px|0|50px|0&Prime; custom_padding_phone=\u00a0\u00bb\u00a0\u00bb transparent_background=\u00a0\u00bboff\u00a0\u00bb padding_mobile=\u00a0\u00bboff\u00a0\u00bb disabled=\u00a0\u00bbon\u00a0\u00bb global_colors_info=\u00a0\u00bb{}\u00a0\u00bb][et_pb_row padding_mobile=\u00a0\u00bboff\u00a0\u00bb column_padding_mobile=\u00a0\u00bbon\u00a0\u00bb admin_label=\u00a0\u00bbLigne\u00a0\u00bb _builder_version=\u00a0\u00bb4.16&Prime; background_size=\u00a0\u00bbinitial\u00a0\u00bb background_position=\u00a0\u00bbtop_left\u00a0\u00bb background_repeat=\u00a0\u00bbrepeat\u00a0\u00bb global_colors_info=\u00a0\u00bb{}\u00a0\u00bb][et_pb_column type=\u00a0\u00bb4_4&Prime; _builder_version=\u00a0\u00bb4.16&Prime; custom_padding=\u00a0\u00bb|||\u00a0\u00bb global_colors_info=\u00a0\u00bb{}\u00a0\u00bb custom_padding__hover=\u00a0\u00bb|||\u00a0\u00bb][et_pb_code admin_label=\u00a0\u00bbCode\u00a0\u00bb _builder_version=\u00a0\u00bb4.16&Prime; global_colors_info=\u00a0\u00bb{}\u00a0\u00bb][\/et_pb_code][\/et_pb_column][\/et_pb_row][\/et_pb_section]<\/p>\n","protected":false},"excerpt":{"rendered":"<p>Placement Familial Sp&eacute;cialis&eacute; (PFS) Pour une coop&eacute;ration entre professionnels et famillesLe P.F.S, qu\u2019est-ce que c\u2019est ?\u00a0\u00a0\u00a0 Le P.F.S est un service d\u2019h\u00e9bergement qui exerce des mesures de Placement ordonn\u00e9es par le Juge des Enfants, et qui permet la prise en charge permanente, suivie et individualis\u00e9e d\u2019enfant, au sein d\u2019une famille d\u2019accueil. Le service de Placement [&hellip;]<\/p>\n","protected":false},"author":1,"featured_media":2492,"parent":1215,"menu_order":3,"comment_status":"closed","ping_status":"closed","template":"","meta":{"_acf_changed":false,"_et_pb_use_builder":"on","_et_pb_old_content":"","_et_gb_content_width":"","inline_featured_image":false,"footnotes":""},"class_list":["post-1219","page","type-page","status-publish","has-post-thumbnail","hentry"],"acf":[],"jetpack_shortlink":"https:\/\/wp.me\/P8kEsP-jF","_links":{"self":[{"href":"https:\/\/famille-aylf.fr\/index.php\/wp-json\/wp\/v2\/pages\/1219","targetHints":{"allow":["GET"]}}],"collection":[{"href":"https:\/\/famille-aylf.fr\/index.php\/wp-json\/wp\/v2\/pages"}],"about":[{"href":"https:\/\/famille-aylf.fr\/index.php\/wp-json\/wp\/v2\/types\/page"}],"author":[{"embeddable":true,"href":"https:\/\/famille-aylf.fr\/index.php\/wp-json\/wp\/v2\/users\/1"}],"replies":[{"embeddable":true,"href":"https:\/\/famille-aylf.fr\/index.php\/wp-json\/wp\/v2\/comments?post=1219"}],"version-history":[{"count":15,"href":"https:\/\/famille-aylf.fr\/index.php\/wp-json\/wp\/v2\/pages\/1219\/revisions"}],"predecessor-version":[{"id":2716,"href":"https:\/\/famille-aylf.fr\/index.php\/wp-json\/wp\/v2\/pages\/1219\/revisions\/2716"}],"up":[{"embeddable":true,"href":"https:\/\/famille-aylf.fr\/index.php\/wp-json\/wp\/v2\/pages\/1215"}],"wp:featuredmedia":[{"embeddable":true,"href":"https:\/\/famille-aylf.fr\/index.php\/wp-json\/wp\/v2\/media\/2492"}],"wp:attachment":[{"href":"https:\/\/famille-aylf.fr\/index.php\/wp-json\/wp\/v2\/media?parent=1219"}],"curies":[{"name":"wp","href":"https:\/\/api.w.org\/{rel}","templated":true}]}}