{"id":1234,"date":"2018-02-12T15:09:31","date_gmt":"2018-02-12T14:09:31","guid":{"rendered":"https:\/\/famille-aylf.fr\/index.php\/nos-activites-et-services\/aylf-enfance-famille\/pole-prevention-milieu-ouvert\/action-educative-en-milieu-ouvert-aemo\/"},"modified":"2023-09-22T09:36:34","modified_gmt":"2023-09-22T07:36:34","slug":"action-educative-en-milieu-ouvert-aemo","status":"publish","type":"page","link":"https:\/\/famille-aylf.fr\/index.php\/nos-activites-et-services\/aylf-enfance-famille\/pole-prevention-milieu-ouvert\/action-educative-en-milieu-ouvert-aemo\/","title":{"rendered":"Action Educative en Milieu Ouvert (AEMO)"},"content":{"rendered":"\n\n[et_pb_section fb_built=\u00a0\u00bb1&Prime; fullwidth=\u00a0\u00bbon\u00a0\u00bb custom_padding_last_edited=\u00a0\u00bbon|desktop\u00a0\u00bb _builder_version=\u00a0\u00bb3.0.47&Prime; custom_padding_tablet=\u00a0\u00bb50px|0|50px|0&Prime; transparent_background=\u00a0\u00bboff\u00a0\u00bb padding_mobile=\u00a0\u00bboff\u00a0\u00bb][et_pb_fullwidth_post_title title=\u00a0\u00bboff\u00a0\u00bb meta=\u00a0\u00bboff\u00a0\u00bb featured_placement=\u00a0\u00bbbackground\u00a0\u00bb text_color=\u00a0\u00bblight\u00a0\u00bb module_class=\u00a0\u00bbillustration\u00a0\u00bb _builder_version=\u00a0\u00bb3.0.47&Prime; title_all_caps=\u00a0\u00bboff\u00a0\u00bb text_orientation=\u00a0\u00bbcenter\u00a0\u00bb use_border_color=\u00a0\u00bboff\u00a0\u00bb border_color=\u00a0\u00bb#ffffff\u00a0\u00bb border_width=\u00a0\u00bb1px\u00a0\u00bb border_style=\u00a0\u00bbsolid\u00a0\u00bb parallax_effect=\u00a0\u00bboff\u00a0\u00bb]&nbsp;\r[\/et_pb_fullwidth_post_title][\/et_pb_section][et_pb_section fb_built=\u00a0\u00bb1&Prime; specialty=\u00a0\u00bbon\u00a0\u00bb custom_padding_last_edited=\u00a0\u00bbon|desktop\u00a0\u00bb _builder_version=\u00a0\u00bb3.0.47&Prime; custom_padding_tablet=\u00a0\u00bb50px|0|50px|0&Prime; transparent_background=\u00a0\u00bboff\u00a0\u00bb padding_mobile=\u00a0\u00bboff\u00a0\u00bb][et_pb_column type=\u00a0\u00bb3_4&Prime; specialty_columns=\u00a0\u00bb3&Prime; _builder_version=\u00a0\u00bb3.0.47&Prime; parallax=\u00a0\u00bboff\u00a0\u00bb parallax_method=\u00a0\u00bbon\u00a0\u00bb][et_pb_row_inner padding_mobile=\u00a0\u00bboff\u00a0\u00bb column_padding_mobile=\u00a0\u00bboff\u00a0\u00bb admin_label=\u00a0\u00bbLigne\u00a0\u00bb _builder_version=\u00a0\u00bb3.0.47&Prime;][et_pb_column_inner type=\u00a0\u00bb4_4&Prime; saved_specialty_column_type=\u00a0\u00bb3_4&Prime; _builder_version=\u00a0\u00bb3.0.47&Prime; column_padding_mobile=\u00a0\u00bboff\u00a0\u00bb parallax=\u00a0\u00bboff\u00a0\u00bb parallax_method=\u00a0\u00bbon\u00a0\u00bb][et_pb_text admin_label=\u00a0\u00bbtitre\u00a0\u00bb _builder_version=\u00a0\u00bb3.3.1&Prime; background_size=\u00a0\u00bbinitial\u00a0\u00bb background_position=\u00a0\u00bbtop_left\u00a0\u00bb background_repeat=\u00a0\u00bbrepeat\u00a0\u00bb use_border_color=\u00a0\u00bboff\u00a0\u00bb border_color=\u00a0\u00bb#ffffff\u00a0\u00bb border_style=\u00a0\u00bbsolid\u00a0\u00bb]<h1><i class=\"fab fa-fort-awesome\"><\/i> A.E.M.O.<\/h1>\r\n<h3>\u00abFaire un pas vers l\u2019autre pour s\u2019adapter, comprendre et avancer ensemble\u00a0\u00bb<\/h3>\r[\/et_pb_text][\/et_pb_column_inner][\/et_pb_row_inner][et_pb_row_inner _builder_version=\u00a0\u00bb3.3.1&Prime;][et_pb_column_inner type=\u00a0\u00bb4_4&Prime; saved_specialty_column_type=\u00a0\u00bb3_4&Prime; _builder_version=\u00a0\u00bb3.0.47&Prime; parallax=\u00a0\u00bboff\u00a0\u00bb parallax_method=\u00a0\u00bbon\u00a0\u00bb][et_pb_text _builder_version=\u00a0\u00bb3.3.1&Prime; text_font=\u00a0\u00bb||||||||\u00a0\u00bb text_orientation=\u00a0\u00bbjustified\u00a0\u00bb]<h3>L\u2019AEMO, qu\u2019est-ce que c\u2019est\u00a0?<\/h3>\r\nLe service d\u2019AEMO, Action Educative en Milieu Ouvert, assure une mission de protection de l\u2019enfance <strong>maintenue dans son milieu familial<\/strong>. Il intervient suite \u00e0 la d\u00e9cision du Juge des Enfants, d\u00e8s lors que les conditions de vie de l\u2019enfant sont susceptibles de le mettre en danger ou quand ses parents rencontrent des difficult\u00e9s particuli\u00e8res dans l\u2019exercice de leurs responsabilit\u00e9s \u00e9ducatives. Depuis la loi du 5 mars 2007, l\u2019AEMO est mise en place lorsque les parents refusent l\u2019intervention administrative.\r[\/et_pb_text][\/et_pb_column_inner][\/et_pb_row_inner][et_pb_row_inner _builder_version=\u00a0\u00bb3.3.1&Prime;][et_pb_column_inner type=\u00a0\u00bb4_4&Prime; saved_specialty_column_type=\u00a0\u00bb3_4&Prime; _builder_version=\u00a0\u00bb3.0.47&Prime; parallax=\u00a0\u00bboff\u00a0\u00bb parallax_method=\u00a0\u00bbon\u00a0\u00bb][et_pb_text _builder_version=\u00a0\u00bb3.3.1&Prime; text_font=\u00a0\u00bb||||||||\u00a0\u00bb text_orientation=\u00a0\u00bbjustified\u00a0\u00bb]<h3>Quelle est la prise en charge\u00a0?<\/h3>\r\n<strong>Afin de mener \u00e0 bien ses actions, le service AEMO dispose de professionnels qualifi\u00e9s et d\u2019une organisation adapt\u00e9e.<\/strong>\r\n\r\nLes \u00e9quipes sont compos\u00e9es d\u2019Educateurs Sp\u00e9cialis\u00e9s et\/ou d\u2019assistants de service sociaux et de psychologues qui accompagnent les familles et assurent un suivi r\u00e9gulier autour d\u2019un projet \u00e9ducatif co-construit.\r\n\r\nNotre accompagnement s\u2019appuie sur les ressources environnementales, en favorisant le lien et le r\u00e9seau partenarial des diff\u00e9rents dispositifs (scolaires, sociaux, m\u00e9dicaux, sportifs, culturels\u2026), pour le coordonner \u00e0 l\u2019\u00e9mergence des difficult\u00e9s autour desquelles l\u2019\u00e9ducateur travaille. La concertation et les mises en relation pr\u00e9sentent des aspects tr\u00e8s diversifi\u00e9s selon l\u2019environnement familial. C\u2019est pourquoi l\u2019analyse des situations et les hypoth\u00e8ses qui en d\u00e9coulent sont ainsi v\u00e9ritablement approfondies et permettent de proposer les aides et accompagnements qui semblent les mieux adapt\u00e9s.\r[\/et_pb_text][\/et_pb_column_inner][\/et_pb_row_inner][et_pb_row_inner _builder_version=\u00a0\u00bb3.3.1&Prime;][et_pb_column_inner type=\u00a0\u00bb4_4&Prime; saved_specialty_column_type=\u00a0\u00bb3_4&Prime; _builder_version=\u00a0\u00bb3.0.47&Prime; parallax=\u00a0\u00bboff\u00a0\u00bb parallax_method=\u00a0\u00bbon\u00a0\u00bb][et_pb_text _builder_version=\u00a0\u00bb3.3.1&Prime; text_font=\u00a0\u00bb||||||||\u00a0\u00bb text_orientation=\u00a0\u00bbjustified\u00a0\u00bb]<h3>Le d\u00e9roulement de l\u2019accompagnement<\/h3>\r\nL\u2019AEMO soutient la fonction parentale dans sa d\u00e9marche aupr\u00e8s des familles en les confrontant \u00e0 leurs situations pour les aider \u00e0 devenir acteurs de leurs choix \u00e9ducatifs. Elle peut prendre diff\u00e9rentes formes\u00a0:\r\n<ul>\r\n \t<li>Des entretiens individuels ou familiaux r\u00e9guliers de mani\u00e8re formelle ou informelle\u00a0;<\/li>\r\n \t<li>Une intervention \u00e0 domicile ou en lieu tiers\u00a0;<\/li>\r\n \t<li>Un accompagnement et suivi dans les d\u00e9marches\u00a0quotidiennes ;<\/li>\r\n \t<li>Une concertation du r\u00e9seau partenarial du P\u00f4le Milieu Ouvert pour \u00eatre au plus pr\u00e8s des besoins : les services du D\u00e9partement (s[\u00a0L\u2019Aide Sociale \u00e0 l\u2019Enfance, le secteur social, la PMI), l\u2019Education Nationale, la Maison des adolescents, les centres de soins, le CMP\u2026 Cette coop\u00e9ration entre les diff\u00e9rents professionnels au service de la famille est n\u00e9cessaire et pens\u00e9e pour agir dans le respect de leur histoire de vie et de leurs droits, de la confidentialit\u00e9 des \u00e9l\u00e9ments et du partage d\u2019informations fondamentales \u00e0 la mission de chacun.<\/li>\r\n \t<li>La disponibilit\u00e9 de l\u2019\u00e9quipe pour organiser, en fonction de la situation familiale, des activit\u00e9s collectives de m\u00e9diation (atelier cuisine, journ\u00e9e \u00e0 la mer, s\u00e9jour\u2026) permettant de se rencontrer autrement et lib\u00e9rer la parole.<\/li>\r\n<\/ul>\r\nCette pluridisciplinarit\u00e9 offre une diversit\u00e9 et une compl\u00e9mentarit\u00e9 des pratiques, des champs d\u2019intervention et des r\u00e9f\u00e9rences th\u00e9oriques. Elle permet d\u2019\u00e9largir le regard qui peut \u00eatre pos\u00e9 sur une famille pour y apporter davantage d\u2019objectivit\u00e9.\r\n\r\nA la fin de la mesure, l\u2019\u00e9ducateur r\u00e9f\u00e9rent \u00e9change avec la famille sur le contenu du rapport qu\u2019il adresse ensuite au Juge des Enfants. Ce rapport pr\u00e9sente les actions mises en place et leurs effets sur la situation ainsi que des propositions telles que le renouvellement ou la fin de la mesure (d\u2019autres actions adapt\u00e9es peuvent \u00eatre mises en place).\r[\/et_pb_text][\/et_pb_column_inner][\/et_pb_row_inner][et_pb_row_inner _builder_version=\u00a0\u00bb3.3.1&Prime;][et_pb_column_inner type=\u00a0\u00bb4_4&Prime; saved_specialty_column_type=\u00a0\u00bb3_4&Prime; _builder_version=\u00a0\u00bb3.0.47&Prime; parallax=\u00a0\u00bboff\u00a0\u00bb parallax_method=\u00a0\u00bbon\u00a0\u00bb][et_pb_text _builder_version=\u00a0\u00bb3.3.1&Prime;]<h3>Les unit\u00e9s<\/h3>\r\n<h4>Le service est r\u00e9parti par territoire sur les trois sites suivants<\/h4>\r[\/et_pb_text][\/et_pb_column_inner][\/et_pb_row_inner][et_pb_row_inner custom_padding=\u00a0\u00bb0|0px|36.39px|0px|false|false\u00a0\u00bb _builder_version=\u00a0\u00bb3.3.1&Prime;][et_pb_column_inner type=\u00a0\u00bb1_3&Prime; saved_specialty_column_type=\u00a0\u00bb3_4&Prime; _builder_version=\u00a0\u00bb3.0.47&Prime; parallax=\u00a0\u00bboff\u00a0\u00bb parallax_method=\u00a0\u00bbon\u00a0\u00bb][et_pb_text _builder_version=\u00a0\u00bb3.3.1&Prime;]<h4>AMIENS<\/h4>\r\nT\u00e9l : 03 22 53 23 80\r\n\r\n646, rue de Cagny, CS 58819\r\n80088 AMIENS CEDEX 2\r[\/et_pb_text][\/et_pb_column_inner][et_pb_column_inner type=\u00a0\u00bb1_3&Prime; saved_specialty_column_type=\u00a0\u00bb3_4&Prime; _builder_version=\u00a0\u00bb3.0.47&Prime; parallax=\u00a0\u00bboff\u00a0\u00bb parallax_method=\u00a0\u00bbon\u00a0\u00bb][et_pb_text _builder_version=\u00a0\u00bb3.3.1&Prime;]<h4>ALBERT\u00ab\u00a0Santerre Haute Somme\u00a0\u00bb<\/h4>\n<p>T\u00e9l : 03 22 83 55 21<\/p>\n<p>3, rue du 8 mai 1945, 80300 ALBERT<\/p>[\/et_pb_text][\/et_pb_column_inner][et_pb_column_inner type=\u00a0\u00bb1_3&Prime; saved_specialty_column_type=\u00a0\u00bb3_4&Prime; _builder_version=\u00a0\u00bb3.0.47&Prime; parallax=\u00a0\u00bboff\u00a0\u00bb parallax_method=\u00a0\u00bbon\u00a0\u00bb][et_pb_text _builder_version=\u00a0\u00bb3.3.1&Prime;]<h4>ABBEVILLE \u00ab\u00a0Picardie Maritime\u00a0\u00bb<\/h4>\r\nT\u00e9l : 03 22 25 39 70\r\n\r\n17, rue Pasteur\r\n80100 Abbeville\r[\/et_pb_text][\/et_pb_column_inner][\/et_pb_row_inner][et_pb_row_inner custom_padding=\u00a0\u00bb0|0px|36.39px|0px|false|false\u00a0\u00bb _builder_version=\u00a0\u00bb3.3.1&Prime;][et_pb_column_inner type=\u00a0\u00bb4_4&Prime; saved_specialty_column_type=\u00a0\u00bb3_4&Prime; _builder_version=\u00a0\u00bb3.0.47&Prime; parallax=\u00a0\u00bboff\u00a0\u00bb parallax_method=\u00a0\u00bbon\u00a0\u00bb][et_pb_text _builder_version=\u00a0\u00bb3.3.1&Prime;]<blockquote>Les services sont ouverts du lundi au vendredi de 9h00 \u00e0 12h30 et de 13h30 \u00e0 17h00.<\/blockquote>\r[\/et_pb_text][\/et_pb_column_inner][\/et_pb_row_inner][\/et_pb_column][et_pb_column type=\u00a0\u00bb1_4&Prime; _builder_version=\u00a0\u00bb3.0.47&Prime; parallax=\u00a0\u00bboff\u00a0\u00bb parallax_method=\u00a0\u00bbon\u00a0\u00bb][et_pb_divider show_divider=\u00a0\u00bboff\u00a0\u00bb height=\u00a0\u00bb80&Prime; disabled_on=\u00a0\u00bbon|on|off\u00a0\u00bb _builder_version=\u00a0\u00bb3.2&Prime; hide_on_mobile=\u00a0\u00bbon\u00a0\u00bb]&nbsp;\r[\/et_pb_divider][et_pb_sidebar orientation=\u00a0\u00bbright\u00a0\u00bb area=\u00a0\u00bbsidebar-1&Prime; _builder_version=\u00a0\u00bb3.0.47&Prime; remove_border=\u00a0\u00bb1&Prime;]&nbsp;\r[\/et_pb_sidebar][\/et_pb_column][\/et_pb_section][et_pb_section fb_built=\u00a0\u00bb1&Prime; custom_padding_last_edited=\u00a0\u00bbon|phone\u00a0\u00bb _builder_version=\u00a0\u00bb3.0.47&Prime; custom_padding=\u00a0\u00bb||0px|\u00a0\u00bb custom_padding_tablet=\u00a0\u00bb50px|0|50px|0&Prime; transparent_background=\u00a0\u00bboff\u00a0\u00bb padding_mobile=\u00a0\u00bboff\u00a0\u00bb][et_pb_row custom_padding=\u00a0\u00bb||5px|\u00a0\u00bb padding_mobile=\u00a0\u00bboff\u00a0\u00bb column_padding_mobile=\u00a0\u00bbon\u00a0\u00bb custom_padding_last_edited=\u00a0\u00bbon|phone\u00a0\u00bb parallax_method_1=\u00a0\u00bboff\u00a0\u00bb _builder_version=\u00a0\u00bb3.0.47&Prime; background_size=\u00a0\u00bbinitial\u00a0\u00bb background_position=\u00a0\u00bbtop_left\u00a0\u00bb background_repeat=\u00a0\u00bbrepeat\u00a0\u00bb][et_pb_column type=\u00a0\u00bb4_4&Prime; _builder_version=\u00a0\u00bb3.0.47&Prime; column_padding_mobile=\u00a0\u00bbon\u00a0\u00bb parallax=\u00a0\u00bboff\u00a0\u00bb parallax_method=\u00a0\u00bboff\u00a0\u00bb][et_pb_text _builder_version=\u00a0\u00bb3.3.1&Prime; background_size=\u00a0\u00bbinitial\u00a0\u00bb background_position=\u00a0\u00bbtop_left\u00a0\u00bb background_repeat=\u00a0\u00bbrepeat\u00a0\u00bb use_border_color=\u00a0\u00bboff\u00a0\u00bb border_color=\u00a0\u00bb#ffffff\u00a0\u00bb border_style=\u00a0\u00bbsolid\u00a0\u00bb]<h1><i class=\"fa fa-lightbulb-o\"><\/i> Actualit\u00e9s de ce service<\/h1>[\/et_pb_text][\/et_pb_column][\/et_pb_row][\/et_pb_section][et_pb_section fb_built=\u00a0\u00bb1&Prime; custom_padding_last_edited=\u00a0\u00bbon|phone\u00a0\u00bb module_class=\u00a0\u00bbaylf_blocbaspage\u00a0\u00bb _builder_version=\u00a0\u00bb3.0.47&Prime; background_color=\u00a0\u00bb#ededed\u00a0\u00bb custom_padding=\u00a0\u00bb10px|||\u00a0\u00bb custom_padding_tablet=\u00a0\u00bb50px|0|50px|0&Prime; transparent_background=\u00a0\u00bboff\u00a0\u00bb padding_mobile=\u00a0\u00bboff\u00a0\u00bb][et_pb_row padding_mobile=\u00a0\u00bboff\u00a0\u00bb column_padding_mobile=\u00a0\u00bbon\u00a0\u00bb _builder_version=\u00a0\u00bb3.0.47&Prime; background_size=\u00a0\u00bbinitial\u00a0\u00bb background_position=\u00a0\u00bbtop_left\u00a0\u00bb background_repeat=\u00a0\u00bbrepeat\u00a0\u00bb][et_pb_column type=\u00a0\u00bb4_4&Prime; _builder_version=\u00a0\u00bb3.0.47&Prime; column_padding_mobile=\u00a0\u00bbon\u00a0\u00bb parallax=\u00a0\u00bboff\u00a0\u00bb parallax_method=\u00a0\u00bbon\u00a0\u00bb][et_pb_code _builder_version=\u00a0\u00bb3.3.1&Prime;]Pas d&#039;article pour le moment[\/et_pb_code][\/et_pb_column][\/et_pb_row][\/et_pb_section]\n\n","protected":false},"excerpt":{"rendered":"<p>&nbsp; A.E.M.O. \u00abFaire un pas vers l\u2019autre pour s\u2019adapter, comprendre et avancer ensemble\u00a0\u00bb L\u2019AEMO, qu\u2019est-ce que c\u2019est\u00a0? Le service d\u2019AEMO, Action Educative en Milieu Ouvert, assure une mission de protection de l\u2019enfance maintenue dans son milieu familial. Il intervient suite \u00e0 la d\u00e9cision du Juge des Enfants, d\u00e8s lors que les conditions de vie de [&hellip;]<\/p>\n","protected":false},"author":1,"featured_media":2525,"parent":1216,"menu_order":2,"comment_status":"closed","ping_status":"closed","template":"","meta":{"_acf_changed":false,"_et_pb_use_builder":"on","_et_pb_old_content":"","_et_gb_content_width":"","inline_featured_image":false,"jetpack_post_was_ever_published":false,"footnotes":""},"class_list":["post-1234","page","type-page","status-publish","has-post-thumbnail","hentry"],"acf":[],"jetpack_shortlink":"https:\/\/wp.me\/P8kEsP-jU","_links":{"self":[{"href":"https:\/\/famille-aylf.fr\/index.php\/wp-json\/wp\/v2\/pages\/1234","targetHints":{"allow":["GET"]}}],"collection":[{"href":"https:\/\/famille-aylf.fr\/index.php\/wp-json\/wp\/v2\/pages"}],"about":[{"href":"https:\/\/famille-aylf.fr\/index.php\/wp-json\/wp\/v2\/types\/page"}],"author":[{"embeddable":true,"href":"https:\/\/famille-aylf.fr\/index.php\/wp-json\/wp\/v2\/users\/1"}],"replies":[{"embeddable":true,"href":"https:\/\/famille-aylf.fr\/index.php\/wp-json\/wp\/v2\/comments?post=1234"}],"version-history":[{"count":12,"href":"https:\/\/famille-aylf.fr\/index.php\/wp-json\/wp\/v2\/pages\/1234\/revisions"}],"predecessor-version":[{"id":2520,"href":"https:\/\/famille-aylf.fr\/index.php\/wp-json\/wp\/v2\/pages\/1234\/revisions\/2520"}],"up":[{"embeddable":true,"href":"https:\/\/famille-aylf.fr\/index.php\/wp-json\/wp\/v2\/pages\/1216"}],"wp:featuredmedia":[{"embeddable":true,"href":"https:\/\/famille-aylf.fr\/index.php\/wp-json\/wp\/v2\/media\/2525"}],"wp:attachment":[{"href":"https:\/\/famille-aylf.fr\/index.php\/wp-json\/wp\/v2\/media?parent=1234"}],"curies":[{"name":"wp","href":"https:\/\/api.w.org\/{rel}","templated":true}]}}