{"id":171,"date":"2017-01-25T14:19:34","date_gmt":"2017-01-25T13:19:34","guid":{"rendered":"http:\/\/famille-aylf.fr\/index.php\/decouvrir-laylf\/notre-histoire\/"},"modified":"2026-01-28T08:38:04","modified_gmt":"2026-01-28T07:38:04","slug":"notre-histoire","status":"publish","type":"page","link":"https:\/\/famille-aylf.fr\/index.php\/decouvrir-laylf\/notre-histoire\/","title":{"rendered":"Notre histoire"},"content":{"rendered":"<p>[et_pb_section fb_built=\u00a0\u00bb1&Prime; fullwidth=\u00a0\u00bbon\u00a0\u00bb custom_padding_last_edited=\u00a0\u00bbon|desktop\u00a0\u00bb admin_label=\u00a0\u00bbSection\u00a0\u00bb _builder_version=\u00a0\u00bb4.16&Prime; custom_padding_tablet=\u00a0\u00bb50px|0|50px|0&Prime; custom_padding_phone=\u00a0\u00bb\u00a0\u00bb transparent_background=\u00a0\u00bboff\u00a0\u00bb padding_mobile=\u00a0\u00bboff\u00a0\u00bb global_colors_info=\u00a0\u00bb{}\u00a0\u00bb][et_pb_fullwidth_post_title title=\u00a0\u00bboff\u00a0\u00bb meta=\u00a0\u00bboff\u00a0\u00bb featured_placement=\u00a0\u00bbbackground\u00a0\u00bb text_color=\u00a0\u00bblight\u00a0\u00bb admin_label=\u00a0\u00bbTitre du poste en pleine largeur\u00a0\u00bb module_class=\u00a0\u00bbillustration\u00a0\u00bb _builder_version=\u00a0\u00bb4.16&Prime; title_all_caps=\u00a0\u00bboff\u00a0\u00bb text_orientation=\u00a0\u00bbcenter\u00a0\u00bb use_border_color=\u00a0\u00bboff\u00a0\u00bb border_color=\u00a0\u00bb#ffffff\u00a0\u00bb border_width=\u00a0\u00bb1px\u00a0\u00bb border_style=\u00a0\u00bbsolid\u00a0\u00bb parallax_effect=\u00a0\u00bboff\u00a0\u00bb global_colors_info=\u00a0\u00bb{}\u00a0\u00bb]&nbsp;<br \/>\n[\/et_pb_fullwidth_post_title][\/et_pb_section][et_pb_section fb_built=\u00a0\u00bb1&Prime; specialty=\u00a0\u00bbon\u00a0\u00bb custom_padding_last_edited=\u00a0\u00bbon|desktop\u00a0\u00bb admin_label=\u00a0\u00bbSection\u00a0\u00bb _builder_version=\u00a0\u00bb4.27.2&Prime; custom_padding_tablet=\u00a0\u00bb50px|0|50px|0&Prime; custom_padding_phone=\u00a0\u00bb\u00a0\u00bb hover_enabled=\u00a0\u00bb0&Prime; transparent_background=\u00a0\u00bboff\u00a0\u00bb padding_mobile=\u00a0\u00bboff\u00a0\u00bb global_colors_info=\u00a0\u00bb{}\u00a0\u00bb sticky_enabled=\u00a0\u00bb0&Prime;][et_pb_column type=\u00a0\u00bb3_4&Prime; specialty_columns=\u00a0\u00bb3&Prime; _builder_version=\u00a0\u00bb4.16&Prime; custom_padding=\u00a0\u00bb|||\u00a0\u00bb global_colors_info=\u00a0\u00bb{}\u00a0\u00bb custom_padding__hover=\u00a0\u00bb|||\u00a0\u00bb][et_pb_row_inner padding_mobile=\u00a0\u00bboff\u00a0\u00bb column_padding_mobile=\u00a0\u00bboff\u00a0\u00bb admin_label=\u00a0\u00bbLigne\u00a0\u00bb _builder_version=\u00a0\u00bb4.16&Prime; global_colors_info=\u00a0\u00bb{}\u00a0\u00bb][et_pb_column_inner saved_specialty_column_type=\u00a0\u00bb3_4&Prime; _builder_version=\u00a0\u00bb4.16&Prime; custom_padding=\u00a0\u00bb|||\u00a0\u00bb global_colors_info=\u00a0\u00bb{}\u00a0\u00bb custom_padding__hover=\u00a0\u00bb|||\u00a0\u00bb][et_pb_text admin_label=\u00a0\u00bbtitre\u00a0\u00bb _builder_version=\u00a0\u00bb4.16&Prime; background_size=\u00a0\u00bbinitial\u00a0\u00bb background_position=\u00a0\u00bbtop_left\u00a0\u00bb background_repeat=\u00a0\u00bbrepeat\u00a0\u00bb use_border_color=\u00a0\u00bboff\u00a0\u00bb border_style=\u00a0\u00bbsolid\u00a0\u00bb global_colors_info=\u00a0\u00bb{}\u00a0\u00bb]<\/p>\n<h1><i class=\"fa fa-history\"><\/i> Notre histoire<\/h1>\n<p>[\/et_pb_text][et_pb_text admin_label=\u00a0\u00bbchapeau\u00a0\u00bb module_class=\u00a0\u00bbaylf_chapeau\u00a0\u00bb _builder_version=\u00a0\u00bb4.16&Prime; background_size=\u00a0\u00bbinitial\u00a0\u00bb background_position=\u00a0\u00bbtop_left\u00a0\u00bb background_repeat=\u00a0\u00bbrepeat\u00a0\u00bb text_orientation=\u00a0\u00bbjustified\u00a0\u00bb use_border_color=\u00a0\u00bboff\u00a0\u00bb border_style=\u00a0\u00bbsolid\u00a0\u00bb global_colors_info=\u00a0\u00bb{}\u00a0\u00bb]Depuis des d\u00e9cennies l\u2019AYLF a su prendre des risques, innover et s\u2019adapter aux probl\u00e9matiques de l\u2019enfance. Avec la volont\u00e9 de d\u00e9velopper une strat\u00e9gie \u00e0 long terme, l\u2019AYLF se restructure.<br \/>\n[\/et_pb_text][et_pb_text admin_label=\u00a0\u00bbTexte\u00a0\u00bb _builder_version=\u00a0\u00bb4.27.0&Prime; background_size=\u00a0\u00bbinitial\u00a0\u00bb background_position=\u00a0\u00bbtop_left\u00a0\u00bb background_repeat=\u00a0\u00bbrepeat\u00a0\u00bb text_orientation=\u00a0\u00bbjustified\u00a0\u00bb use_border_color=\u00a0\u00bboff\u00a0\u00bb border_style=\u00a0\u00bbsolid\u00a0\u00bb global_colors_info=\u00a0\u00bb{}\u00a0\u00bb]<\/p>\n<h4>Une reconnaissance par les autorit\u00e9s de tutelle de la comp\u00e9tence \u00e9ducative et du s\u00e9rieux de la gestion financi\u00e8re.<\/h4>\n<p>En Ao\u00fbt 2008, \u00e0 la demande de la Direction R\u00e9gionale de la Protection Judiciaire de la Jeunesse (DRPJJ), l\u2019AYLF cr\u00e9e un Centre \u00c9ducatif Ferm\u00e9 (CEF) \u00e0 Ham. Par cette ouverture d\u2019\u00e9tablissement, les services de l\u2019\u00c9tat et ceux du D\u00e9partement valident les aptitudes p\u00e9dagogiques et gestionnaires de l\u2019association.<\/p>\n<p>En 2009, l\u2019association est sollicit\u00e9e par la justice pour assurer l\u2019accueil et l\u2019accompagnement des victimes d\u2019infractions p\u00e9nales et cr\u00e9e l\u2019A.D.A.V.E.M.80.<\/p>\n<p>L\u2019AYLF signe avec le Conseil G\u00e9n\u00e9ral de la Somme un Contrat Pluriannuel d\u2019Objectifs et de Moyens (CPOM) pour 2010-2014. Cet engagement bipartite garantit la p\u00e9rennit\u00e9 des services de protection de l\u2019enfance ; il confirme la relation de confiance entre le financeur et l\u2019association.<\/p>\n<h4>Une lisibilit\u00e9 des missions \u00e9ducatives<\/h4>\n<p>En septembre 2010, l\u2019association se recentre sur la protection de l\u2019enfance et l\u2019aide aux familles ; elle \u00e9volue d\u2019une organisation territoriale en 2004 \u00e0 une organisation par missions. Cette strat\u00e9gie vise en particulier \u00e0 rendre plus lisible et plus efficient le service rendu aux enfants et aux familles.<\/p>\n<h4>Une volont\u00e9 r\u00e9solue de rationnaliser ses moyens de fonctionnement et de communiquer<\/h4>\n<p>L\u2019association d\u00e9veloppe des services supports : Ressources Humaines, contr\u00f4le de gestion, \u00e9conomat\u2026 Elle met aux normes le b\u00e2timent \u00ab le C\u00e8dre \u00bb et regroupe en 2012 la plupart de ses services au Sud-est d\u2019Amiens. Elle met en ligne son site internet : www.aylf.asso.fr.<\/p>\n<h4>Un plan strat\u00e9gique de diversification et d\u2019ouverture au partenariat<\/h4>\n<p>Depuis 2012, l\u2019association tourne une nouvelle page de son histoire par une r\u00e9organisation fondamentale juridique et manag\u00e9riale de l\u2019ensemble de ses entit\u00e9s : \u00ab AYLF Actions \u00bb, devient l\u2019instance de gouvernance de la \u00ab Famille AYLF \u00bb compos\u00e9e de \u00ab AYLF Enfance Famille \u00bb, \u00ab AYLF Justice \u00bb, \u00ab SCI Delpech \u00bb, \u00ab YLF Ressources \u00bb, Groupement de Coop\u00e9ration Sociale et M\u00e9dico-Sociale (G.C.S.M.S.) \u00ab AYA \u00bb, \u00ab SCI YLF \u00bb et de toute structure \u00e0 venir.<\/p>\n<p>[\/et_pb_text][\/et_pb_column_inner][\/et_pb_row_inner][et_pb_row_inner padding_mobile=\u00a0\u00bboff\u00a0\u00bb column_padding_mobile=\u00a0\u00bboff\u00a0\u00bb admin_label=\u00a0\u00bbrow_inner\u00a0\u00bb _builder_version=\u00a0\u00bb4.16&Prime; global_colors_info=\u00a0\u00bb{}\u00a0\u00bb][et_pb_column_inner saved_specialty_column_type=\u00a0\u00bb3_4&Prime; _builder_version=\u00a0\u00bb4.16&Prime; custom_padding=\u00a0\u00bb|||\u00a0\u00bb global_colors_info=\u00a0\u00bb{}\u00a0\u00bb custom_padding__hover=\u00a0\u00bb|||\u00a0\u00bb][et_pb_text admin_label=\u00a0\u00bbTexte\u00a0\u00bb _builder_version=\u00a0\u00bb4.16&Prime; background_size=\u00a0\u00bbinitial\u00a0\u00bb background_position=\u00a0\u00bbtop_left\u00a0\u00bb background_repeat=\u00a0\u00bbrepeat\u00a0\u00bb text_orientation=\u00a0\u00bbjustified\u00a0\u00bb use_border_color=\u00a0\u00bboff\u00a0\u00bb border_style=\u00a0\u00bbsolid\u00a0\u00bb global_colors_info=\u00a0\u00bb{}\u00a0\u00bb]<\/p>\n<h3>Notre engagement<\/h3>\n<p>La Famille AYLF s\u2019engage pour la protection de l\u2019enfance et de la famille, pour l\u2019aide aux victimes et le suivi des auteurs d\u2019infractions p\u00e9nales. Fid\u00e8le aux principes d\u00e9finis par son fondateur Yves Le Febvre en 1935, l\u2019association a pour mission la recherche de r\u00e9ponses adapt\u00e9es aux besoins des plus vuln\u00e9rables. Les valeurs qui animent les b\u00e9n\u00e9voles et les salari\u00e9s sont humanistes, sociales et volontaristes. Les profonds changements, impuls\u00e9s par les lois de 2002 et 2007 notamment, conduisent \u00e0 sp\u00e9cifier pour les ann\u00e9es \u00e0 venir les objectifs prioritaires \u00e0 atteindre et \u00e0 pr\u00e9ciser les principes fondamentaux de notre fonctionnement. L\u2019engagement individuel et collectif de tous les acteurs de l\u2019Association s\u2019exprime dans le Projet Associatif actualis\u00e9.<br \/>\n[\/et_pb_text][\/et_pb_column_inner][\/et_pb_row_inner][et_pb_row_inner padding_mobile=\u00a0\u00bboff\u00a0\u00bb column_padding_mobile=\u00a0\u00bboff\u00a0\u00bb admin_label=\u00a0\u00bbrow_inner\u00a0\u00bb _builder_version=\u00a0\u00bb4.16&Prime; global_colors_info=\u00a0\u00bb{}\u00a0\u00bb][et_pb_column_inner saved_specialty_column_type=\u00a0\u00bb3_4&Prime; _builder_version=\u00a0\u00bb4.16&Prime; custom_padding=\u00a0\u00bb|||\u00a0\u00bb global_colors_info=\u00a0\u00bb{}\u00a0\u00bb custom_padding__hover=\u00a0\u00bb|||\u00a0\u00bb][et_pb_text admin_label=\u00a0\u00bbTexte\u00a0\u00bb _builder_version=\u00a0\u00bb4.16&Prime; background_size=\u00a0\u00bbinitial\u00a0\u00bb background_position=\u00a0\u00bbtop_left\u00a0\u00bb background_repeat=\u00a0\u00bbrepeat\u00a0\u00bb text_orientation=\u00a0\u00bbjustified\u00a0\u00bb use_border_color=\u00a0\u00bboff\u00a0\u00bb border_style=\u00a0\u00bbsolid\u00a0\u00bb global_colors_info=\u00a0\u00bb{}\u00a0\u00bb]<\/p>\n<h3>Nos objectifs<\/h3>\n<h4>1 L\u2019humain au c\u0153ur de chaque action<\/h4>\n<p>L\u2019objet m\u00eame de notre mission porte \u00e0 consid\u00e9rer la personne dans sa dimension humaine et sa dignit\u00e9. L\u2019accueil, l\u2019\u00e9coute, l\u2019empathie, la solidarit\u00e9 et le respect sont au centre de nos pr\u00e9occupations.<\/p>\n<h4>2 Valoriser le travail d\u2019\u00e9quipe<\/h4>\n<p>La complexit\u00e9 des besoins de l\u2019usager n\u00e9cessite une prise en charge \u00e9ducative et p\u00e9dagogique plus globale. Notre projet vise \u00e0 d\u00e9cloisonner les actions et les services et \u00e0 concevoir, dans cette logique, de nouvelles approches de l\u2019exercice de nos m\u00e9tiers.<\/p>\n<h4>3 D\u00e9velopper le partenariat<\/h4>\n<p>Nous souhaitons \u00e9tendre nos relations avec les partenaires publics et priv\u00e9s, en particulier acteurs associatifs, politiques, juridiques, gestionnaires, financiers, \u00e9conomiques et sociaux. Le but est de mutualiser les pratiques innovantes, d\u2019enrichir l\u2019expertise et de diversifier les financements.<br \/>\n[\/et_pb_text][\/et_pb_column_inner][\/et_pb_row_inner][et_pb_row_inner padding_mobile=\u00a0\u00bboff\u00a0\u00bb column_padding_mobile=\u00a0\u00bboff\u00a0\u00bb admin_label=\u00a0\u00bbrow_inner\u00a0\u00bb _builder_version=\u00a0\u00bb4.16&Prime; global_colors_info=\u00a0\u00bb{}\u00a0\u00bb][et_pb_column_inner saved_specialty_column_type=\u00a0\u00bb3_4&Prime; _builder_version=\u00a0\u00bb4.16&Prime; custom_padding=\u00a0\u00bb|||\u00a0\u00bb global_colors_info=\u00a0\u00bb{}\u00a0\u00bb custom_padding__hover=\u00a0\u00bb|||\u00a0\u00bb][et_pb_text admin_label=\u00a0\u00bbTexte\u00a0\u00bb _builder_version=\u00a0\u00bb4.16&Prime; background_size=\u00a0\u00bbinitial\u00a0\u00bb background_position=\u00a0\u00bbtop_left\u00a0\u00bb background_repeat=\u00a0\u00bbrepeat\u00a0\u00bb text_orientation=\u00a0\u00bbjustified\u00a0\u00bb use_border_color=\u00a0\u00bboff\u00a0\u00bb border_style=\u00a0\u00bbsolid\u00a0\u00bb global_colors_info=\u00a0\u00bb{}\u00a0\u00bb]<\/p>\n<h3>Nos principes d&rsquo;action<\/h3>\n<h4>1 L\u2019exigence de qualit\u00e9<\/h4>\n<p>L\u2019association veille \u00e0 maintenir la qualit\u00e9 de ses prestations par l\u2019actualisation de ses comp\u00e9tences et l\u2019\u00e9volution de ses pratiques. Elle s\u2019attache \u00e0 \u00e9valuer p\u00e9riodiquement ses m\u00e9thodes et ses r\u00e9sultats pour mieux r\u00e9guler les actions mises en \u0153uvre.<\/p>\n<h4>2 L\u2019appui sur la diversit\u00e9<\/h4>\n<p>La diversit\u00e9 de l\u2019ensemble de ses acteurs &#8211; b\u00e9n\u00e9voles, professionnels, partenaires et usagers &#8211; est un atout essentiel pour l\u2019association. Elle favorise l\u2019\u00e9change, entretient le sens de la responsabilit\u00e9 collective et renforce les capacit\u00e9s d\u2019ouverture, d\u2019ind\u00e9pendance et de progr\u00e8s.<\/p>\n<h4>3 La famille AYLF, une Entreprise Sociale Associative<\/h4>\n<p>Forte de l\u2019engagement de ses membres, l\u2019association affirme r\u00e9solument sa finalit\u00e9 sociale non lucrative. Pour remplir sa mission et garantir sa p\u00e9rennit\u00e9, elle se donne les moyens de faire face aux diverses \u00e9volutions politiques, \u00e9conomiques, gestionnaires, manag\u00e9riales et concurrentielles qui s\u2019imposent.<br \/>\n[\/et_pb_text][\/et_pb_column_inner][\/et_pb_row_inner][\/et_pb_column][et_pb_column type=\u00a0\u00bb1_4&Prime; _builder_version=\u00a0\u00bb4.16&Prime; custom_padding=\u00a0\u00bb|||\u00a0\u00bb global_colors_info=\u00a0\u00bb{}\u00a0\u00bb custom_padding__hover=\u00a0\u00bb|||\u00a0\u00bb][et_pb_image src=\u00a0\u00bbhttps:\/\/famille-aylf.fr\/wp-content\/uploads\/2017\/01\/photos-2-Yves-Le-Febvre.jpg\u00a0\u00bb title_text=\u00a0\u00bbYves LE FEBVRE\u00a0\u00bb show_in_lightbox=\u00a0\u00bbon\u00a0\u00bb use_overlay=\u00a0\u00bbon\u00a0\u00bb hover_icon=\u00a0\u00bb&#x55;||divi||400&Prime; align_tablet=\u00a0\u00bbcenter\u00a0\u00bb align_phone=\u00a0\u00bbcenter\u00a0\u00bb align_last_edited=\u00a0\u00bbon|desktop\u00a0\u00bb admin_label=\u00a0\u00bbImage\u00a0\u00bb module_class=\u00a0\u00bb animated flipInY delay1 duration1 eds-on-scroll \u00a0\u00bb _builder_version=\u00a0\u00bb4.21.0&Prime; use_border_color=\u00a0\u00bboff\u00a0\u00bb border_color=\u00a0\u00bb#ffffff\u00a0\u00bb border_width=\u00a0\u00bb1px\u00a0\u00bb border_style=\u00a0\u00bbsolid\u00a0\u00bb animation=\u00a0\u00bboff\u00a0\u00bb sticky=\u00a0\u00bboff\u00a0\u00bb global_colors_info=\u00a0\u00bb{}\u00a0\u00bb]&nbsp;<br \/>\n[\/et_pb_image][et_pb_text admin_label=\u00a0\u00bbTexte\u00a0\u00bb _builder_version=\u00a0\u00bb4.21.0&Prime; background_size=\u00a0\u00bbinitial\u00a0\u00bb background_position=\u00a0\u00bbtop_left\u00a0\u00bb background_repeat=\u00a0\u00bbrepeat\u00a0\u00bb text_orientation=\u00a0\u00bbcenter\u00a0\u00bb module_alignment=\u00a0\u00bbcenter\u00a0\u00bb use_border_color=\u00a0\u00bboff\u00a0\u00bb border_style=\u00a0\u00bbsolid\u00a0\u00bb global_colors_info=\u00a0\u00bb{}\u00a0\u00bb]<\/p>\n<h4>Yves LE FEBVRE<\/h4>\n<p>Fondateur de l&rsquo;association<\/p>\n<p>[\/et_pb_text][et_pb_divider show_divider=\u00a0\u00bboff\u00a0\u00bb disabled_on=\u00a0\u00bbon|on|\u00a0\u00bb admin_label=\u00a0\u00bbS\u00e9parateur\u00a0\u00bb _builder_version=\u00a0\u00bb4.16&Prime; height=\u00a0\u00bb80px\u00a0\u00bb hide_on_mobile=\u00a0\u00bbon\u00a0\u00bb global_colors_info=\u00a0\u00bb{}\u00a0\u00bb]&nbsp;<br \/>\n[\/et_pb_divider][\/et_pb_column][\/et_pb_section][et_pb_section fb_built=\u00a0\u00bb1&Prime; fullwidth=\u00a0\u00bbon\u00a0\u00bb custom_padding_last_edited=\u00a0\u00bbon|desktop\u00a0\u00bb admin_label=\u00a0\u00bbSection\u00a0\u00bb _builder_version=\u00a0\u00bb4.16&Prime; custom_padding_tablet=\u00a0\u00bb50px|0|50px|0&Prime; custom_padding_phone=\u00a0\u00bb\u00a0\u00bb transparent_background=\u00a0\u00bboff\u00a0\u00bb padding_mobile=\u00a0\u00bboff\u00a0\u00bb global_colors_info=\u00a0\u00bb{}\u00a0\u00bb][et_pb_fullwidth_image src=\u00a0\u00bbhttps:\/\/famille-aylf.fr\/wp-content\/uploads\/2024\/07\/Frise-chronologique-e1721635624809.png\u00a0\u00bb title_text=\u00a0\u00bbFrise chronologique\u00a0\u00bb url=\u00a0\u00bbhttps:\/\/famille-aylf.fr\/wp-content\/uploads\/2018\/05\/Fichier-16.png\u00a0\u00bb url_new_window=\u00a0\u00bbon\u00a0\u00bb admin_label=\u00a0\u00bbImage en pleine largeur\u00a0\u00bb _builder_version=\u00a0\u00bb4.21.0&Prime; animation_style=\u00a0\u00bbslide\u00a0\u00bb animation_direction=\u00a0\u00bbbottom\u00a0\u00bb animation_duration=\u00a0\u00bb500ms\u00a0\u00bb animation_intensity_slide=\u00a0\u00bb10%\u00a0\u00bb use_border_color=\u00a0\u00bboff\u00a0\u00bb border_color=\u00a0\u00bb#ffffff\u00a0\u00bb border_style=\u00a0\u00bbsolid\u00a0\u00bb animation=\u00a0\u00bbbottom\u00a0\u00bb global_colors_info=\u00a0\u00bb{}\u00a0\u00bb]&nbsp;<br \/>\n[\/et_pb_fullwidth_image][\/et_pb_section]<\/p>\n","protected":false},"excerpt":{"rendered":"<p>Depuis des d\u00e9cennies l\u2019AYLF a su prendre des risques, innover et s\u2019adapter aux probl\u00e9matiques de l\u2019enfance. Avec la volont\u00e9 de d\u00e9velopper une strat\u00e9gie \u00e0 long terme, l\u2019AYLF se restructure.<\/p>\n","protected":false},"author":1,"featured_media":1867,"parent":159,"menu_order":1,"comment_status":"closed","ping_status":"closed","template":"","meta":{"_acf_changed":false,"_et_pb_use_builder":"on","_et_pb_old_content":"","_et_gb_content_width":"","inline_featured_image":false,"jetpack_post_was_ever_published":false,"footnotes":""},"class_list":["post-171","page","type-page","status-publish","has-post-thumbnail","hentry"],"acf":[],"jetpack_shortlink":"https:\/\/wp.me\/P8kEsP-2L","_links":{"self":[{"href":"https:\/\/famille-aylf.fr\/index.php\/wp-json\/wp\/v2\/pages\/171","targetHints":{"allow":["GET"]}}],"collection":[{"href":"https:\/\/famille-aylf.fr\/index.php\/wp-json\/wp\/v2\/pages"}],"about":[{"href":"https:\/\/famille-aylf.fr\/index.php\/wp-json\/wp\/v2\/types\/page"}],"author":[{"embeddable":true,"href":"https:\/\/famille-aylf.fr\/index.php\/wp-json\/wp\/v2\/users\/1"}],"replies":[{"embeddable":true,"href":"https:\/\/famille-aylf.fr\/index.php\/wp-json\/wp\/v2\/comments?post=171"}],"version-history":[{"count":72,"href":"https:\/\/famille-aylf.fr\/index.php\/wp-json\/wp\/v2\/pages\/171\/revisions"}],"predecessor-version":[{"id":2840,"href":"https:\/\/famille-aylf.fr\/index.php\/wp-json\/wp\/v2\/pages\/171\/revisions\/2840"}],"up":[{"embeddable":true,"href":"https:\/\/famille-aylf.fr\/index.php\/wp-json\/wp\/v2\/pages\/159"}],"wp:featuredmedia":[{"embeddable":true,"href":"https:\/\/famille-aylf.fr\/index.php\/wp-json\/wp\/v2\/media\/1867"}],"wp:attachment":[{"href":"https:\/\/famille-aylf.fr\/index.php\/wp-json\/wp\/v2\/media?parent=171"}],"curies":[{"name":"wp","href":"https:\/\/api.w.org\/{rel}","templated":true}]}}